{"id":399660,"date":"2025-11-17T07:57:31","date_gmt":"2025-11-17T06:57:31","guid":{"rendered":"https:\/\/preview.script.ch\/produkt\/bloc-papier-design-hotfoil-a4\/"},"modified":"2025-11-17T07:57:40","modified_gmt":"2025-11-17T06:57:40","slug":"bloc-papier-design-hotfoil-a4","status":"publish","type":"product","link":"https:\/\/preview.script.ch\/fr\/produkt\/bloc-papier-design-hotfoil-a4\/","title":{"rendered":"Bloc papier design Hotfoil A4"},"content":{"rendered":"<p>Bloc de papier \u00e0 motifs FOLIA\u00ae Hot foil 165 g\/m2, avec effets dorure \u00e0 chaud, 12 motifs assortis, sans acide et lignite, format A4, 12 feuilles. Certification: FSC. m\u00e9tallis\u00e9<\/p>\n","protected":false},"excerpt":{"rendered":"<p>Bloc de papier \u00e0 motifs FOLIA\u00ae Hot foil 165 g\/m2, avec effets dorure \u00e0 chaud, 12 motifs assortis, sans acide et lignite, format A4, 12 feuilles. Certification: FSC. m\u00e9tallis\u00e9<\/p>\n","protected":false},"featured_media":399658,"template":"","meta":{"_acf_changed":false},"product_brand":[],"product_cat":[53184],"product_tag":[],"class_list":{"0":"post-399660","1":"product","2":"type-product","3":"status-publish","4":"has-post-thumbnail","6":"product_cat-papier-design-cartes-papier-universel-de-bureau","8":"first","9":"onbackorder","10":"taxable","11":"shipping-taxable","12":"purchasable","13":"product-type-simple","14":"add-to-wishlist-before_image"},"acf":[],"_links":{"self":[{"href":"https:\/\/preview.script.ch\/fr\/wp-json\/wp\/v2\/product\/399660","targetHints":{"allow":["GET"]}}],"collection":[{"href":"https:\/\/preview.script.ch\/fr\/wp-json\/wp\/v2\/product"}],"about":[{"href":"https:\/\/preview.script.ch\/fr\/wp-json\/wp\/v2\/types\/product"}],"wp:featuredmedia":[{"embeddable":true,"href":"https:\/\/preview.script.ch\/fr\/wp-json\/wp\/v2\/media\/399658"}],"wp:attachment":[{"href":"https:\/\/preview.script.ch\/fr\/wp-json\/wp\/v2\/media?parent=399660"}],"wp:term":[{"taxonomy":"product_brand","embeddable":true,"href":"https:\/\/preview.script.ch\/fr\/wp-json\/wp\/v2\/product_brand?post=399660"},{"taxonomy":"product_cat","embeddable":true,"href":"https:\/\/preview.script.ch\/fr\/wp-json\/wp\/v2\/product_cat?post=399660"},{"taxonomy":"product_tag","embeddable":true,"href":"https:\/\/preview.script.ch\/fr\/wp-json\/wp\/v2\/product_tag?post=399660"}],"curies":[{"name":"wp","href":"https:\/\/api.w.org\/{rel}","templated":true}]}}