{"id":397588,"date":"2025-11-17T04:38:21","date_gmt":"2025-11-17T03:38:21","guid":{"rendered":"https:\/\/preview.script.ch\/produkt\/marqueur-flipchart-380-rouge\/"},"modified":"2025-11-17T04:38:29","modified_gmt":"2025-11-17T03:38:29","slug":"marqueur-flipchart-380-rouge","status":"publish","type":"product","link":"https:\/\/preview.script.ch\/fr\/produkt\/marqueur-flipchart-380-rouge\/","title":{"rendered":"Marqueur Flipchart 380 rouge"},"content":{"rendered":"<p>Marqueur flipchart EDDING\u00ae 380 pointe ogive, clip, con\u00e7u sp\u00e9cialement pour \u00e9crire et marquer sur du papier car l&rsquo;encre ne ne traverse pas le papier, encre \u00e0 base d&rsquo;eau d&rsquo;odeur neutre, peut rester ouvert pendant plusieurs semaines sans s\u00e9cher gr\u00e2ce \u00e0 l&rsquo;encre cap-off, non rechargeable, largeur de trait env. 1,5 &#8211; 3 mm. rouge<\/p>\n","protected":false},"excerpt":{"rendered":"<p>Marqueur flipchart EDDING\u00ae 380 pointe ogive, clip, con\u00e7u sp\u00e9cialement pour \u00e9crire et marquer sur du papier car l&rsquo;encre ne ne traverse pas le papier, encre \u00e0 base d&rsquo;eau d&rsquo;odeur neutre, peut rester ouvert pendant plusieurs semaines sans s\u00e9cher gr\u00e2ce \u00e0 l&rsquo;encre cap-off, non rechargeable, largeur de trait env. 1,5 &#8211; 3 mm. rouge<\/p>\n","protected":false},"featured_media":397586,"template":"","meta":{"_acf_changed":false},"product_brand":[],"product_cat":[53287],"product_tag":[],"class_list":{"0":"post-397588","1":"product","2":"type-product","3":"status-publish","4":"has-post-thumbnail","6":"product_cat-marqueurs-flipchart-presenter","8":"first","9":"onbackorder","10":"taxable","11":"shipping-taxable","12":"purchasable","13":"product-type-simple","14":"add-to-wishlist-before_image"},"acf":[],"_links":{"self":[{"href":"https:\/\/preview.script.ch\/fr\/wp-json\/wp\/v2\/product\/397588","targetHints":{"allow":["GET"]}}],"collection":[{"href":"https:\/\/preview.script.ch\/fr\/wp-json\/wp\/v2\/product"}],"about":[{"href":"https:\/\/preview.script.ch\/fr\/wp-json\/wp\/v2\/types\/product"}],"wp:featuredmedia":[{"embeddable":true,"href":"https:\/\/preview.script.ch\/fr\/wp-json\/wp\/v2\/media\/397586"}],"wp:attachment":[{"href":"https:\/\/preview.script.ch\/fr\/wp-json\/wp\/v2\/media?parent=397588"}],"wp:term":[{"taxonomy":"product_brand","embeddable":true,"href":"https:\/\/preview.script.ch\/fr\/wp-json\/wp\/v2\/product_brand?post=397588"},{"taxonomy":"product_cat","embeddable":true,"href":"https:\/\/preview.script.ch\/fr\/wp-json\/wp\/v2\/product_cat?post=397588"},{"taxonomy":"product_tag","embeddable":true,"href":"https:\/\/preview.script.ch\/fr\/wp-json\/wp\/v2\/product_tag?post=397588"}],"curies":[{"name":"wp","href":"https:\/\/api.w.org\/{rel}","templated":true}]}}