{"id":396866,"date":"2025-11-17T03:31:40","date_gmt":"2025-11-17T02:31:40","guid":{"rendered":"https:\/\/preview.script.ch\/produkt\/marqueur-flipchart-31-recycle-vert\/"},"modified":"2025-11-17T03:31:48","modified_gmt":"2025-11-17T02:31:48","slug":"marqueur-flipchart-31-recycle-vert","status":"publish","type":"product","link":"https:\/\/preview.script.ch\/fr\/produkt\/marqueur-flipchart-31-recycle-vert\/","title":{"rendered":"Marqueur Flipchart 31 recycl\u00e9 vert"},"content":{"rendered":"<p>Marqueur flipchart EDDING\u00ae 31 EcoLine pointe ogive, clip, con\u00e7u sp\u00e9cialement pour \u00e9crire et marquer sur du papier car l&rsquo;encrene traverse pas le papier, encre \u00e0 base d&rsquo;eau d&rsquo;odeur neutre, peut rester ouvert pendant plusieurs semaines sans s\u00e9cher gr\u00e2ce \u00e0 l&rsquo;encre cap-off, les composants en mati\u00e8re plastique sont fabriqu\u00e9s \u00e0 90% \u00e0 partir de mati\u00e8res recycl\u00e9es (83% post-consommation), non rechargeable, largeur de trait env. 1,5 &#8211; 3 mm. vert<\/p>\n","protected":false},"excerpt":{"rendered":"<p>Marqueur flipchart EDDING\u00ae 31 EcoLine pointe ogive, clip, con\u00e7u sp\u00e9cialement pour \u00e9crire et marquer sur du papier car l&rsquo;encrene traverse pas le papier, encre \u00e0 base d&rsquo;eau d&rsquo;odeur neutre, peut rester ouvert pendant plusieurs semaines sans s\u00e9cher gr\u00e2ce \u00e0 l&rsquo;encre cap-off, les composants en mati\u00e8re plastique sont fabriqu\u00e9s \u00e0 90% \u00e0 partir de mati\u00e8res recycl\u00e9es [&hellip;]<\/p>\n","protected":false},"featured_media":396864,"template":"","meta":{"_acf_changed":false},"product_brand":[],"product_cat":[53287],"product_tag":[],"class_list":{"0":"post-396866","1":"product","2":"type-product","3":"status-publish","4":"has-post-thumbnail","6":"product_cat-marqueurs-flipchart-presenter","8":"first","9":"onbackorder","10":"taxable","11":"shipping-taxable","12":"purchasable","13":"product-type-simple","14":"add-to-wishlist-before_image"},"acf":[],"_links":{"self":[{"href":"https:\/\/preview.script.ch\/fr\/wp-json\/wp\/v2\/product\/396866","targetHints":{"allow":["GET"]}}],"collection":[{"href":"https:\/\/preview.script.ch\/fr\/wp-json\/wp\/v2\/product"}],"about":[{"href":"https:\/\/preview.script.ch\/fr\/wp-json\/wp\/v2\/types\/product"}],"wp:featuredmedia":[{"embeddable":true,"href":"https:\/\/preview.script.ch\/fr\/wp-json\/wp\/v2\/media\/396864"}],"wp:attachment":[{"href":"https:\/\/preview.script.ch\/fr\/wp-json\/wp\/v2\/media?parent=396866"}],"wp:term":[{"taxonomy":"product_brand","embeddable":true,"href":"https:\/\/preview.script.ch\/fr\/wp-json\/wp\/v2\/product_brand?post=396866"},{"taxonomy":"product_cat","embeddable":true,"href":"https:\/\/preview.script.ch\/fr\/wp-json\/wp\/v2\/product_cat?post=396866"},{"taxonomy":"product_tag","embeddable":true,"href":"https:\/\/preview.script.ch\/fr\/wp-json\/wp\/v2\/product_tag?post=396866"}],"curies":[{"name":"wp","href":"https:\/\/api.w.org\/{rel}","templated":true}]}}