{"id":392884,"date":"2025-11-16T21:29:00","date_gmt":"2025-11-16T20:29:00","guid":{"rendered":"https:\/\/preview.script.ch\/produkt\/carton-affiche-blanc-48-68cm\/"},"modified":"2025-11-16T21:29:19","modified_gmt":"2025-11-16T20:29:19","slug":"carton-affiche-blanc-48-68cm","status":"publish","type":"product","link":"https:\/\/preview.script.ch\/fr\/produkt\/carton-affiche-blanc-48-68cm\/","title":{"rendered":"Carton affiche blanc 48\/68cm"},"content":{"rendered":"<p>Carton affiche FOLIA\u00ae 380 g\/m2, contrecoll\u00e9 d&rsquo;un c\u00f4t\u00e9, format 48 x 68 cm. blanc<\/p>\n","protected":false},"excerpt":{"rendered":"<p>Carton affiche FOLIA\u00ae 380 g\/m2, contrecoll\u00e9 d&rsquo;un c\u00f4t\u00e9, format 48 x 68 cm. blanc<\/p>\n","protected":false},"featured_media":392882,"template":"","meta":{"_acf_changed":false},"product_brand":[],"product_cat":[53378],"product_tag":[],"class_list":{"0":"post-392884","1":"product","2":"type-product","3":"status-publish","4":"has-post-thumbnail","6":"product_cat-carton-papier-universel-de-bureau","8":"first","9":"onbackorder","10":"taxable","11":"shipping-taxable","12":"purchasable","13":"product-type-simple","14":"add-to-wishlist-before_image"},"acf":[],"_links":{"self":[{"href":"https:\/\/preview.script.ch\/fr\/wp-json\/wp\/v2\/product\/392884","targetHints":{"allow":["GET"]}}],"collection":[{"href":"https:\/\/preview.script.ch\/fr\/wp-json\/wp\/v2\/product"}],"about":[{"href":"https:\/\/preview.script.ch\/fr\/wp-json\/wp\/v2\/types\/product"}],"wp:featuredmedia":[{"embeddable":true,"href":"https:\/\/preview.script.ch\/fr\/wp-json\/wp\/v2\/media\/392882"}],"wp:attachment":[{"href":"https:\/\/preview.script.ch\/fr\/wp-json\/wp\/v2\/media?parent=392884"}],"wp:term":[{"taxonomy":"product_brand","embeddable":true,"href":"https:\/\/preview.script.ch\/fr\/wp-json\/wp\/v2\/product_brand?post=392884"},{"taxonomy":"product_cat","embeddable":true,"href":"https:\/\/preview.script.ch\/fr\/wp-json\/wp\/v2\/product_cat?post=392884"},{"taxonomy":"product_tag","embeddable":true,"href":"https:\/\/preview.script.ch\/fr\/wp-json\/wp\/v2\/product_tag?post=392884"}],"curies":[{"name":"wp","href":"https:\/\/api.w.org\/{rel}","templated":true}]}}