{"id":392344,"date":"2025-11-16T20:42:21","date_gmt":"2025-11-16T19:42:21","guid":{"rendered":"https:\/\/preview.script.ch\/produkt\/oeillets-de-renforcem-herma-transp-240pc\/"},"modified":"2025-11-16T20:42:29","modified_gmt":"2025-11-16T19:42:29","slug":"oeillets-de-renforcem-herma-transp-240pc","status":"publish","type":"product","link":"https:\/\/preview.script.ch\/fr\/produkt\/oeillets-de-renforcem-herma-transp-240pc\/","title":{"rendered":"Oeillets de renforcem.Herma transp.240pc"},"content":{"rendered":"<p>Oeillets de renforcement HERMA autocollants, en PP transparent non nocif pour l&rsquo;environnement et tr\u00e8s r\u00e9sistant, \u00d8 12 mm. 240 pi\u00e8ces<\/p>\n","protected":false},"excerpt":{"rendered":"<p>Oeillets de renforcement HERMA autocollants, en PP transparent non nocif pour l&rsquo;environnement et tr\u00e8s r\u00e9sistant, \u00d8 12 mm. 240 pi\u00e8ces<\/p>\n","protected":false},"featured_media":392342,"template":"","meta":{"_acf_changed":false},"product_brand":[],"product_cat":[53339],"product_tag":[],"class_list":{"0":"post-392344","1":"product","2":"type-product","3":"status-publish","4":"has-post-thumbnail","6":"product_cat-renforts-de-trous-anneaux-de-renfort-accessoires-de-bureau","8":"first","9":"onbackorder","10":"taxable","11":"shipping-taxable","12":"purchasable","13":"product-type-simple","14":"add-to-wishlist-before_image"},"acf":[],"_links":{"self":[{"href":"https:\/\/preview.script.ch\/fr\/wp-json\/wp\/v2\/product\/392344","targetHints":{"allow":["GET"]}}],"collection":[{"href":"https:\/\/preview.script.ch\/fr\/wp-json\/wp\/v2\/product"}],"about":[{"href":"https:\/\/preview.script.ch\/fr\/wp-json\/wp\/v2\/types\/product"}],"wp:featuredmedia":[{"embeddable":true,"href":"https:\/\/preview.script.ch\/fr\/wp-json\/wp\/v2\/media\/392342"}],"wp:attachment":[{"href":"https:\/\/preview.script.ch\/fr\/wp-json\/wp\/v2\/media?parent=392344"}],"wp:term":[{"taxonomy":"product_brand","embeddable":true,"href":"https:\/\/preview.script.ch\/fr\/wp-json\/wp\/v2\/product_brand?post=392344"},{"taxonomy":"product_cat","embeddable":true,"href":"https:\/\/preview.script.ch\/fr\/wp-json\/wp\/v2\/product_cat?post=392344"},{"taxonomy":"product_tag","embeddable":true,"href":"https:\/\/preview.script.ch\/fr\/wp-json\/wp\/v2\/product_tag?post=392344"}],"curies":[{"name":"wp","href":"https:\/\/api.w.org\/{rel}","templated":true}]}}