{"id":391552,"date":"2025-11-16T19:25:58","date_gmt":"2025-11-16T18:25:58","guid":{"rendered":"https:\/\/preview.script.ch\/produkt\/etiq-porte-nom-textile-63x29-20fl-bla-bl\/"},"modified":"2025-11-16T19:26:07","modified_gmt":"2025-11-16T18:26:07","slug":"etiq-porte-nom-textile-63x29-20fl-bla-bl","status":"publish","type":"product","link":"https:\/\/preview.script.ch\/fr\/produkt\/etiq-porte-nom-textile-63x29-20fl-bla-bl\/","title":{"rendered":"Etiq.porte-nom textile 63&#215;29 20fl.bla\/bl"},"content":{"rendered":"<p>Etiquettes badges\/en textile HERMA Special \u00e9tiquettes adh\u00e9sives blanches en soie d&rsquo;ac\u00e9tate sur feuilles DIN A4, mat\u00e9riau textile souple, adh\u00e9rence fiable, se d\u00e9tachent sans laisser de r\u00e9sidus, alternative pratique au plastique, adh\u00e8rent sur tous les textiles, ne convient pas au cuir ni aux textiles d\u00e9licats, p. ex. soie ou velours, peuvent tacher, coins arrondis et bord sur le pourtour. Pour copieurs, copieurs couleur, imprimantes laser et laser couleur. emballage de 20 feuilles Format mm    Etiquettes par EMB 63,5 x 29,6  540                 bandes bleues<\/p>\n","protected":false},"excerpt":{"rendered":"<p>Etiquettes badges\/en textile HERMA Special \u00e9tiquettes adh\u00e9sives blanches en soie d&rsquo;ac\u00e9tate sur feuilles DIN A4, mat\u00e9riau textile souple, adh\u00e9rence fiable, se d\u00e9tachent sans laisser de r\u00e9sidus, alternative pratique au plastique, adh\u00e8rent sur tous les textiles, ne convient pas au cuir ni aux textiles d\u00e9licats, p. ex. soie ou velours, peuvent tacher, coins arrondis et bord [&hellip;]<\/p>\n","protected":false},"featured_media":391550,"template":"","meta":{"_acf_changed":false},"product_brand":[],"product_cat":[53292],"product_tag":[],"class_list":{"0":"post-391552","1":"product","2":"type-product","3":"status-publish","4":"has-post-thumbnail","6":"product_cat-etiquettes-de-nom-porte-noms-presentoirs-de-table-presenter","8":"first","9":"onbackorder","10":"taxable","11":"shipping-taxable","12":"purchasable","13":"product-type-simple","14":"add-to-wishlist-before_image"},"acf":[],"_links":{"self":[{"href":"https:\/\/preview.script.ch\/fr\/wp-json\/wp\/v2\/product\/391552","targetHints":{"allow":["GET"]}}],"collection":[{"href":"https:\/\/preview.script.ch\/fr\/wp-json\/wp\/v2\/product"}],"about":[{"href":"https:\/\/preview.script.ch\/fr\/wp-json\/wp\/v2\/types\/product"}],"wp:featuredmedia":[{"embeddable":true,"href":"https:\/\/preview.script.ch\/fr\/wp-json\/wp\/v2\/media\/391550"}],"wp:attachment":[{"href":"https:\/\/preview.script.ch\/fr\/wp-json\/wp\/v2\/media?parent=391552"}],"wp:term":[{"taxonomy":"product_brand","embeddable":true,"href":"https:\/\/preview.script.ch\/fr\/wp-json\/wp\/v2\/product_brand?post=391552"},{"taxonomy":"product_cat","embeddable":true,"href":"https:\/\/preview.script.ch\/fr\/wp-json\/wp\/v2\/product_cat?post=391552"},{"taxonomy":"product_tag","embeddable":true,"href":"https:\/\/preview.script.ch\/fr\/wp-json\/wp\/v2\/product_tag?post=391552"}],"curies":[{"name":"wp","href":"https:\/\/api.w.org\/{rel}","templated":true}]}}