{"id":388320,"date":"2025-11-16T14:58:15","date_gmt":"2025-11-16T13:58:15","guid":{"rendered":"https:\/\/preview.script.ch\/produkt\/liv-notes-conceptum-a4-5mm\/"},"modified":"2025-11-16T14:58:22","modified_gmt":"2025-11-16T13:58:22","slug":"liv-notes-conceptum-a4-5mm","status":"publish","type":"product","link":"https:\/\/preview.script.ch\/fr\/produkt\/liv-notes-conceptum-a4-5mm\/","title":{"rendered":"Liv.notes Conceptum A4 5mm"},"content":{"rendered":"<p>Carnet SIGEL Conceptum Hardcover couverture Softwave, papier chamois, 80 g\/m2, 194 pages num\u00e9rot\u00e9es dont 20 feuilles perfor\u00e9es, index, 2 rubans marque-page, pochette de rangement avec \u00e9tui pour 10 cartes de visite, Quickpocket, languette porte-stylo, fermeture par \u00e9lastique. Certification: PEFC. env. format A4 quadrill\u00e9 5 mm  noir<\/p>\n","protected":false},"excerpt":{"rendered":"<p>Carnet SIGEL Conceptum Hardcover couverture Softwave, papier chamois, 80 g\/m2, 194 pages num\u00e9rot\u00e9es dont 20 feuilles perfor\u00e9es, index, 2 rubans marque-page, pochette de rangement avec \u00e9tui pour 10 cartes de visite, Quickpocket, languette porte-stylo, fermeture par \u00e9lastique. Certification: PEFC. env. format A4 quadrill\u00e9 5 mm noir<\/p>\n","protected":false},"featured_media":388318,"template":"","meta":{"_acf_changed":false},"product_brand":[],"product_cat":[53181],"product_tag":[],"class_list":{"0":"post-388320","1":"product","2":"type-product","3":"status-publish","4":"has-post-thumbnail","6":"product_cat-notes-papier-cube-papier-universel-de-bureau","8":"first","9":"onbackorder","10":"taxable","11":"shipping-taxable","12":"purchasable","13":"product-type-simple","14":"add-to-wishlist-before_image"},"acf":[],"_links":{"self":[{"href":"https:\/\/preview.script.ch\/fr\/wp-json\/wp\/v2\/product\/388320","targetHints":{"allow":["GET"]}}],"collection":[{"href":"https:\/\/preview.script.ch\/fr\/wp-json\/wp\/v2\/product"}],"about":[{"href":"https:\/\/preview.script.ch\/fr\/wp-json\/wp\/v2\/types\/product"}],"wp:featuredmedia":[{"embeddable":true,"href":"https:\/\/preview.script.ch\/fr\/wp-json\/wp\/v2\/media\/388318"}],"wp:attachment":[{"href":"https:\/\/preview.script.ch\/fr\/wp-json\/wp\/v2\/media?parent=388320"}],"wp:term":[{"taxonomy":"product_brand","embeddable":true,"href":"https:\/\/preview.script.ch\/fr\/wp-json\/wp\/v2\/product_brand?post=388320"},{"taxonomy":"product_cat","embeddable":true,"href":"https:\/\/preview.script.ch\/fr\/wp-json\/wp\/v2\/product_cat?post=388320"},{"taxonomy":"product_tag","embeddable":true,"href":"https:\/\/preview.script.ch\/fr\/wp-json\/wp\/v2\/product_tag?post=388320"}],"curies":[{"name":"wp","href":"https:\/\/api.w.org\/{rel}","templated":true}]}}