{"id":387878,"date":"2025-11-16T14:22:28","date_gmt":"2025-11-16T13:22:28","guid":{"rendered":"https:\/\/preview.script.ch\/produkt\/npap-design-christm-sil-a4\/"},"modified":"2025-11-16T14:22:35","modified_gmt":"2025-11-16T13:22:35","slug":"npap-design-christm-sil-a4","status":"publish","type":"product","link":"https:\/\/preview.script.ch\/fr\/produkt\/npap-design-christm-sil-a4\/","title":{"rendered":"N&rsquo;pap.design Christm.sil. A4"},"content":{"rendered":"<p>Papier \u00e0 lettres avec motif de No\u00ebl SIGEL A4 papier fin sans bois 90 g\/m2, de couleur, surface trait\u00e9e, sans chlore \u00e9l\u00e9mentaire. Pour copieurs, imprimantes laser, jet d&rsquo;encre, laser couleur et copieurs couleur. A4 Motif              Pi\u00e8ces par EMB Christmas Silence  100<\/p>\n","protected":false},"excerpt":{"rendered":"<p>Papier \u00e0 lettres avec motif de No\u00ebl SIGEL A4 papier fin sans bois 90 g\/m2, de couleur, surface trait\u00e9e, sans chlore \u00e9l\u00e9mentaire. Pour copieurs, imprimantes laser, jet d&rsquo;encre, laser couleur et copieurs couleur. A4 Motif Pi\u00e8ces par EMB Christmas Silence 100<\/p>\n","protected":false},"featured_media":387876,"template":"","meta":{"_acf_changed":false},"product_brand":[],"product_cat":[53184],"product_tag":[],"class_list":{"0":"post-387878","1":"product","2":"type-product","3":"status-publish","4":"has-post-thumbnail","6":"product_cat-papier-design-cartes-papier-universel-de-bureau","8":"first","9":"onbackorder","10":"taxable","11":"shipping-taxable","12":"purchasable","13":"product-type-simple","14":"add-to-wishlist-before_image"},"acf":[],"_links":{"self":[{"href":"https:\/\/preview.script.ch\/fr\/wp-json\/wp\/v2\/product\/387878","targetHints":{"allow":["GET"]}}],"collection":[{"href":"https:\/\/preview.script.ch\/fr\/wp-json\/wp\/v2\/product"}],"about":[{"href":"https:\/\/preview.script.ch\/fr\/wp-json\/wp\/v2\/types\/product"}],"wp:featuredmedia":[{"embeddable":true,"href":"https:\/\/preview.script.ch\/fr\/wp-json\/wp\/v2\/media\/387876"}],"wp:attachment":[{"href":"https:\/\/preview.script.ch\/fr\/wp-json\/wp\/v2\/media?parent=387878"}],"wp:term":[{"taxonomy":"product_brand","embeddable":true,"href":"https:\/\/preview.script.ch\/fr\/wp-json\/wp\/v2\/product_brand?post=387878"},{"taxonomy":"product_cat","embeddable":true,"href":"https:\/\/preview.script.ch\/fr\/wp-json\/wp\/v2\/product_cat?post=387878"},{"taxonomy":"product_tag","embeddable":true,"href":"https:\/\/preview.script.ch\/fr\/wp-json\/wp\/v2\/product_tag?post=387878"}],"curies":[{"name":"wp","href":"https:\/\/api.w.org\/{rel}","templated":true}]}}