{"id":387616,"date":"2025-11-16T14:01:23","date_gmt":"2025-11-16T13:01:23","guid":{"rendered":"https:\/\/preview.script.ch\/produkt\/papier-des-a4-roseblo-dec-fil\/"},"modified":"2025-11-16T14:01:30","modified_gmt":"2025-11-16T13:01:30","slug":"papier-des-a4-roseblo-dec-fil","status":"publish","type":"product","link":"https:\/\/preview.script.ch\/fr\/produkt\/papier-des-a4-roseblo-dec-fil\/","title":{"rendered":"Papier des.A4 RoseBlo d\u00e9c.fil."},"content":{"rendered":"<p>Papier cr\u00e9atif SIGEL format A4, 90 g\/m2, papier fin sans bois, teint\u00e9, surface trait\u00e9e, sans chlore \u00e9l\u00e9mentaire. Pour copieurs, imprimantes laser, jet d&rsquo;encre, laser couleur et copieurs couleur. emballage de 25 feuilles Rose Bloom<\/p>\n","protected":false},"excerpt":{"rendered":"<p>Papier cr\u00e9atif SIGEL format A4, 90 g\/m2, papier fin sans bois, teint\u00e9, surface trait\u00e9e, sans chlore \u00e9l\u00e9mentaire. Pour copieurs, imprimantes laser, jet d&rsquo;encre, laser couleur et copieurs couleur. emballage de 25 feuilles Rose Bloom<\/p>\n","protected":false},"featured_media":387614,"template":"","meta":{"_acf_changed":false},"product_brand":[],"product_cat":[53184],"product_tag":[],"class_list":{"0":"post-387616","1":"product","2":"type-product","3":"status-publish","4":"has-post-thumbnail","6":"product_cat-papier-design-cartes-papier-universel-de-bureau","8":"first","9":"onbackorder","10":"taxable","11":"shipping-taxable","12":"purchasable","13":"product-type-simple","14":"add-to-wishlist-before_image"},"acf":[],"_links":{"self":[{"href":"https:\/\/preview.script.ch\/fr\/wp-json\/wp\/v2\/product\/387616","targetHints":{"allow":["GET"]}}],"collection":[{"href":"https:\/\/preview.script.ch\/fr\/wp-json\/wp\/v2\/product"}],"about":[{"href":"https:\/\/preview.script.ch\/fr\/wp-json\/wp\/v2\/types\/product"}],"wp:featuredmedia":[{"embeddable":true,"href":"https:\/\/preview.script.ch\/fr\/wp-json\/wp\/v2\/media\/387614"}],"wp:attachment":[{"href":"https:\/\/preview.script.ch\/fr\/wp-json\/wp\/v2\/media?parent=387616"}],"wp:term":[{"taxonomy":"product_brand","embeddable":true,"href":"https:\/\/preview.script.ch\/fr\/wp-json\/wp\/v2\/product_brand?post=387616"},{"taxonomy":"product_cat","embeddable":true,"href":"https:\/\/preview.script.ch\/fr\/wp-json\/wp\/v2\/product_cat?post=387616"},{"taxonomy":"product_tag","embeddable":true,"href":"https:\/\/preview.script.ch\/fr\/wp-json\/wp\/v2\/product_tag?post=387616"}],"curies":[{"name":"wp","href":"https:\/\/api.w.org\/{rel}","templated":true}]}}