{"id":387592,"date":"2025-11-16T13:59:30","date_gmt":"2025-11-16T12:59:30","guid":{"rendered":"https:\/\/preview.script.ch\/produkt\/papier-struct-a4-gris-marbre-200g-50fls\/"},"modified":"2025-11-16T13:59:37","modified_gmt":"2025-11-16T12:59:37","slug":"papier-struct-a4-gris-marbre-200g-50fls","status":"publish","type":"product","link":"https:\/\/preview.script.ch\/fr\/produkt\/papier-struct-a4-gris-marbre-200g-50fls\/","title":{"rendered":"Papier struct.A4 gris marbr\u00e9 200g 50fls."},"content":{"rendered":"<p>Papier marbr\u00e9 SIGEL format A4, papier fin, sans chlore \u00e9l\u00e9mentaire ni bois, surface trait\u00e9e, sans chlore \u00e9l\u00e9mentaire, motif recto verso. Pour copieurs, imprimantes laser, jet d&rsquo;encre, laser couleur et copieurs couleur. gris  200 g\/m2  50 feuilles<\/p>\n","protected":false},"excerpt":{"rendered":"<p>Papier marbr\u00e9 SIGEL format A4, papier fin, sans chlore \u00e9l\u00e9mentaire ni bois, surface trait\u00e9e, sans chlore \u00e9l\u00e9mentaire, motif recto verso. Pour copieurs, imprimantes laser, jet d&rsquo;encre, laser couleur et copieurs couleur. gris 200 g\/m2 50 feuilles<\/p>\n","protected":false},"featured_media":387590,"template":"","meta":{"_acf_changed":false},"product_brand":[],"product_cat":[53184],"product_tag":[],"class_list":{"0":"post-387592","1":"product","2":"type-product","3":"status-publish","4":"has-post-thumbnail","6":"product_cat-papier-design-cartes-papier-universel-de-bureau","8":"first","9":"onbackorder","10":"taxable","11":"shipping-taxable","12":"purchasable","13":"product-type-simple","14":"add-to-wishlist-before_image"},"acf":[],"_links":{"self":[{"href":"https:\/\/preview.script.ch\/fr\/wp-json\/wp\/v2\/product\/387592","targetHints":{"allow":["GET"]}}],"collection":[{"href":"https:\/\/preview.script.ch\/fr\/wp-json\/wp\/v2\/product"}],"about":[{"href":"https:\/\/preview.script.ch\/fr\/wp-json\/wp\/v2\/types\/product"}],"wp:featuredmedia":[{"embeddable":true,"href":"https:\/\/preview.script.ch\/fr\/wp-json\/wp\/v2\/media\/387590"}],"wp:attachment":[{"href":"https:\/\/preview.script.ch\/fr\/wp-json\/wp\/v2\/media?parent=387592"}],"wp:term":[{"taxonomy":"product_brand","embeddable":true,"href":"https:\/\/preview.script.ch\/fr\/wp-json\/wp\/v2\/product_brand?post=387592"},{"taxonomy":"product_cat","embeddable":true,"href":"https:\/\/preview.script.ch\/fr\/wp-json\/wp\/v2\/product_cat?post=387592"},{"taxonomy":"product_tag","embeddable":true,"href":"https:\/\/preview.script.ch\/fr\/wp-json\/wp\/v2\/product_tag?post=387592"}],"curies":[{"name":"wp","href":"https:\/\/api.w.org\/{rel}","templated":true}]}}