{"id":387544,"date":"2025-11-16T13:55:25","date_gmt":"2025-11-16T12:55:25","guid":{"rendered":"https:\/\/preview.script.ch\/produkt\/papier-design-a4-90g-menu-mets\/"},"modified":"2025-11-16T13:55:32","modified_gmt":"2025-11-16T12:55:32","slug":"papier-design-a4-90g-menu-mets","status":"publish","type":"product","link":"https:\/\/preview.script.ch\/fr\/produkt\/papier-design-a4-90g-menu-mets\/","title":{"rendered":"Papier design A4 90g menu mets"},"content":{"rendered":"<p>Papier cr\u00e9atif SIGEL format A4, 90 g\/m2, papier fin sans bois, teint\u00e9, surface trait\u00e9e, sans chlore \u00e9l\u00e9mentaire. Pour copieurs, imprimantes laser, jet d&rsquo;encre, laser couleur et copieurs couleur. emballage de 50 feuilles Menu Mets<\/p>\n","protected":false},"excerpt":{"rendered":"<p>Papier cr\u00e9atif SIGEL format A4, 90 g\/m2, papier fin sans bois, teint\u00e9, surface trait\u00e9e, sans chlore \u00e9l\u00e9mentaire. Pour copieurs, imprimantes laser, jet d&rsquo;encre, laser couleur et copieurs couleur. emballage de 50 feuilles Menu Mets<\/p>\n","protected":false},"featured_media":387542,"template":"","meta":{"_acf_changed":false},"product_brand":[],"product_cat":[53184],"product_tag":[],"class_list":{"0":"post-387544","1":"product","2":"type-product","3":"status-publish","4":"has-post-thumbnail","6":"product_cat-papier-design-cartes-papier-universel-de-bureau","8":"first","9":"onbackorder","10":"taxable","11":"shipping-taxable","12":"purchasable","13":"product-type-simple","14":"add-to-wishlist-before_image"},"acf":[],"_links":{"self":[{"href":"https:\/\/preview.script.ch\/fr\/wp-json\/wp\/v2\/product\/387544","targetHints":{"allow":["GET"]}}],"collection":[{"href":"https:\/\/preview.script.ch\/fr\/wp-json\/wp\/v2\/product"}],"about":[{"href":"https:\/\/preview.script.ch\/fr\/wp-json\/wp\/v2\/types\/product"}],"wp:featuredmedia":[{"embeddable":true,"href":"https:\/\/preview.script.ch\/fr\/wp-json\/wp\/v2\/media\/387542"}],"wp:attachment":[{"href":"https:\/\/preview.script.ch\/fr\/wp-json\/wp\/v2\/media?parent=387544"}],"wp:term":[{"taxonomy":"product_brand","embeddable":true,"href":"https:\/\/preview.script.ch\/fr\/wp-json\/wp\/v2\/product_brand?post=387544"},{"taxonomy":"product_cat","embeddable":true,"href":"https:\/\/preview.script.ch\/fr\/wp-json\/wp\/v2\/product_cat?post=387544"},{"taxonomy":"product_tag","embeddable":true,"href":"https:\/\/preview.script.ch\/fr\/wp-json\/wp\/v2\/product_tag?post=387544"}],"curies":[{"name":"wp","href":"https:\/\/api.w.org\/{rel}","templated":true}]}}