{"id":386836,"date":"2025-11-16T13:00:10","date_gmt":"2025-11-16T12:00:10","guid":{"rendered":"https:\/\/preview.script.ch\/produkt\/canon-papier-photo-mat-a4-50fl\/"},"modified":"2025-11-16T13:00:18","modified_gmt":"2025-11-16T12:00:18","slug":"canon-papier-photo-mat-a4-50fl","status":"publish","type":"product","link":"https:\/\/preview.script.ch\/fr\/produkt\/canon-papier-photo-mat-a4-50fl\/","title":{"rendered":"Canon papier photo mat A4 50fl"},"content":{"rendered":"<p>Papier photo jet d&rsquo;encre CANON MP-101, satin\u00e9 mat papier photo satin\u00e9 mat, pour CANON s\u00e9rie S et CANON BJC-8200. emballage de 50 feuilles A4  170 g\/m2<\/p>\n","protected":false},"excerpt":{"rendered":"<p>Papier photo jet d&rsquo;encre CANON MP-101, satin\u00e9 mat papier photo satin\u00e9 mat, pour CANON s\u00e9rie S et CANON BJC-8200. emballage de 50 feuilles A4 170 g\/m2<\/p>\n","protected":false},"featured_media":386834,"template":"","meta":{"_acf_changed":false},"product_brand":[],"product_cat":[53183],"product_tag":[],"class_list":{"0":"post-386836","1":"product","2":"type-product","3":"status-publish","4":"has-post-thumbnail","6":"product_cat-papier-photo-papiers-speciaux-papiers-pour-jet-dencre-papier-universel-de-bureau","8":"first","9":"onbackorder","10":"taxable","11":"shipping-taxable","12":"purchasable","13":"product-type-simple","14":"add-to-wishlist-before_image"},"acf":[],"_links":{"self":[{"href":"https:\/\/preview.script.ch\/fr\/wp-json\/wp\/v2\/product\/386836","targetHints":{"allow":["GET"]}}],"collection":[{"href":"https:\/\/preview.script.ch\/fr\/wp-json\/wp\/v2\/product"}],"about":[{"href":"https:\/\/preview.script.ch\/fr\/wp-json\/wp\/v2\/types\/product"}],"wp:featuredmedia":[{"embeddable":true,"href":"https:\/\/preview.script.ch\/fr\/wp-json\/wp\/v2\/media\/386834"}],"wp:attachment":[{"href":"https:\/\/preview.script.ch\/fr\/wp-json\/wp\/v2\/media?parent=386836"}],"wp:term":[{"taxonomy":"product_brand","embeddable":true,"href":"https:\/\/preview.script.ch\/fr\/wp-json\/wp\/v2\/product_brand?post=386836"},{"taxonomy":"product_cat","embeddable":true,"href":"https:\/\/preview.script.ch\/fr\/wp-json\/wp\/v2\/product_cat?post=386836"},{"taxonomy":"product_tag","embeddable":true,"href":"https:\/\/preview.script.ch\/fr\/wp-json\/wp\/v2\/product_tag?post=386836"}],"curies":[{"name":"wp","href":"https:\/\/api.w.org\/{rel}","templated":true}]}}