{"id":386832,"date":"2025-11-16T12:59:42","date_gmt":"2025-11-16T11:59:42","guid":{"rendered":"https:\/\/preview.script.ch\/produkt\/canon-photo-paper-pp-201\/"},"modified":"2025-11-16T12:59:56","modified_gmt":"2025-11-16T11:59:56","slug":"canon-photo-paper-pp-201","status":"publish","type":"product","link":"https:\/\/preview.script.ch\/fr\/produkt\/canon-photo-paper-pp-201\/","title":{"rendered":"Canon Photo Paper PP-201"},"content":{"rendered":"<p>Papier photo  jet d&rsquo;encre CANON Plus PP-201, brillant papier photo \u00e9pais haut de gamme pour des photos d&rsquo;une qualit\u00e9 professionnelle, imprimable d&rsquo;un seul c\u00f4t\u00e9, surface brillante, 25 ans de r\u00e9sistance \u00e0 la lumi\u00e8re. Pour imprimantes jet d&rsquo;encre. emballage de 20 feuilles 13 x 18 cm  260 g\/m2<\/p>\n","protected":false},"excerpt":{"rendered":"<p>Papier photo jet d&rsquo;encre CANON Plus PP-201, brillant papier photo \u00e9pais haut de gamme pour des photos d&rsquo;une qualit\u00e9 professionnelle, imprimable d&rsquo;un seul c\u00f4t\u00e9, surface brillante, 25 ans de r\u00e9sistance \u00e0 la lumi\u00e8re. Pour imprimantes jet d&rsquo;encre. emballage de 20 feuilles 13 x 18 cm 260 g\/m2<\/p>\n","protected":false},"featured_media":386830,"template":"","meta":{"_acf_changed":false},"product_brand":[],"product_cat":[53183],"product_tag":[],"class_list":{"0":"post-386832","1":"product","2":"type-product","3":"status-publish","4":"has-post-thumbnail","6":"product_cat-papier-photo-papiers-speciaux-papiers-pour-jet-dencre-papier-universel-de-bureau","8":"first","9":"onbackorder","10":"taxable","11":"shipping-taxable","12":"purchasable","13":"product-type-simple","14":"add-to-wishlist-before_image"},"acf":[],"_links":{"self":[{"href":"https:\/\/preview.script.ch\/fr\/wp-json\/wp\/v2\/product\/386832","targetHints":{"allow":["GET"]}}],"collection":[{"href":"https:\/\/preview.script.ch\/fr\/wp-json\/wp\/v2\/product"}],"about":[{"href":"https:\/\/preview.script.ch\/fr\/wp-json\/wp\/v2\/types\/product"}],"wp:featuredmedia":[{"embeddable":true,"href":"https:\/\/preview.script.ch\/fr\/wp-json\/wp\/v2\/media\/386830"}],"wp:attachment":[{"href":"https:\/\/preview.script.ch\/fr\/wp-json\/wp\/v2\/media?parent=386832"}],"wp:term":[{"taxonomy":"product_brand","embeddable":true,"href":"https:\/\/preview.script.ch\/fr\/wp-json\/wp\/v2\/product_brand?post=386832"},{"taxonomy":"product_cat","embeddable":true,"href":"https:\/\/preview.script.ch\/fr\/wp-json\/wp\/v2\/product_cat?post=386832"},{"taxonomy":"product_tag","embeddable":true,"href":"https:\/\/preview.script.ch\/fr\/wp-json\/wp\/v2\/product_tag?post=386832"}],"curies":[{"name":"wp","href":"https:\/\/api.w.org\/{rel}","templated":true}]}}