{"id":384844,"date":"2025-11-16T10:23:31","date_gmt":"2025-11-16T09:23:31","guid":{"rendered":"https:\/\/preview.script.ch\/produkt\/carton-gris-55x80cm-1260g-2-0\/"},"modified":"2025-11-16T10:23:37","modified_gmt":"2025-11-16T09:23:37","slug":"carton-gris-55x80cm-1260g-2-0","status":"publish","type":"product","link":"https:\/\/preview.script.ch\/fr\/produkt\/carton-gris-55x80cm-1260g-2-0\/","title":{"rendered":"Carton gris 55x80cm 1260g 2.0"},"content":{"rendered":"<p>Carton gris KAPAG 100% en papier recycl\u00e9, rugosit\u00e9 moyenne, biod\u00e9gradable. feuille 55 x 80 cm 1260 g\/m2  env. 2 mm<\/p>\n","protected":false},"excerpt":{"rendered":"<p>Carton gris KAPAG 100% en papier recycl\u00e9, rugosit\u00e9 moyenne, biod\u00e9gradable. feuille 55 x 80 cm 1260 g\/m2 env. 2 mm<\/p>\n","protected":false},"featured_media":384842,"template":"","meta":{"_acf_changed":false},"product_brand":[],"product_cat":[53378],"product_tag":[],"class_list":{"0":"post-384844","1":"product","2":"type-product","3":"status-publish","4":"has-post-thumbnail","6":"product_cat-carton-papier-universel-de-bureau","8":"first","9":"onbackorder","10":"taxable","11":"shipping-taxable","12":"purchasable","13":"product-type-simple","14":"add-to-wishlist-before_image"},"acf":[],"_links":{"self":[{"href":"https:\/\/preview.script.ch\/fr\/wp-json\/wp\/v2\/product\/384844","targetHints":{"allow":["GET"]}}],"collection":[{"href":"https:\/\/preview.script.ch\/fr\/wp-json\/wp\/v2\/product"}],"about":[{"href":"https:\/\/preview.script.ch\/fr\/wp-json\/wp\/v2\/types\/product"}],"wp:featuredmedia":[{"embeddable":true,"href":"https:\/\/preview.script.ch\/fr\/wp-json\/wp\/v2\/media\/384842"}],"wp:attachment":[{"href":"https:\/\/preview.script.ch\/fr\/wp-json\/wp\/v2\/media?parent=384844"}],"wp:term":[{"taxonomy":"product_brand","embeddable":true,"href":"https:\/\/preview.script.ch\/fr\/wp-json\/wp\/v2\/product_brand?post=384844"},{"taxonomy":"product_cat","embeddable":true,"href":"https:\/\/preview.script.ch\/fr\/wp-json\/wp\/v2\/product_cat?post=384844"},{"taxonomy":"product_tag","embeddable":true,"href":"https:\/\/preview.script.ch\/fr\/wp-json\/wp\/v2\/product_tag?post=384844"}],"curies":[{"name":"wp","href":"https:\/\/api.w.org\/{rel}","templated":true}]}}