{"id":382136,"date":"2025-11-16T07:03:09","date_gmt":"2025-11-16T06:03:09","guid":{"rendered":"https:\/\/preview.script.ch\/produkt\/fiches-adhe-a6-bleu100-flles\/"},"modified":"2025-11-16T07:03:16","modified_gmt":"2025-11-16T06:03:16","slug":"fiches-adhe-a6-bleu100-flles","status":"publish","type":"product","link":"https:\/\/preview.script.ch\/fr\/produkt\/fiches-adhe-a6-bleu100-flles\/","title":{"rendered":"Fiches adh\u00e9.A6 bleu,100 flles"},"content":{"rendered":"<p>Notes adh\u00e9sives KOLMA Notes film en PP \u00e9lectrostatique adh\u00e9rant sur toutes les surfaces propres, les feuilles sont faciles \u00e0 repositionner, verso blanc inscriptible et effa\u00e7able \u00e0 sec, utilisables recto verso, conviennent pour des notes, pr\u00e9sentations et remue-m\u00e9ninges. format 105 x 148 mm bleu n\u00e9on  100 feuilles<\/p>\n","protected":false},"excerpt":{"rendered":"<p>Notes adh\u00e9sives KOLMA Notes film en PP \u00e9lectrostatique adh\u00e9rant sur toutes les surfaces propres, les feuilles sont faciles \u00e0 repositionner, verso blanc inscriptible et effa\u00e7able \u00e0 sec, utilisables recto verso, conviennent pour des notes, pr\u00e9sentations et remue-m\u00e9ninges. format 105 x 148 mm bleu n\u00e9on 100 feuilles<\/p>\n","protected":false},"featured_media":382134,"template":"","meta":{"_acf_changed":false},"product_brand":[],"product_cat":[53176],"product_tag":[],"class_list":{"0":"post-382136","1":"product","2":"type-product","3":"status-publish","4":"has-post-thumbnail","6":"product_cat-notes-adhesives-quick-notes-papier-universel-de-bureau","8":"first","9":"onbackorder","10":"taxable","11":"shipping-taxable","12":"purchasable","13":"product-type-simple","14":"add-to-wishlist-before_image"},"acf":[],"_links":{"self":[{"href":"https:\/\/preview.script.ch\/fr\/wp-json\/wp\/v2\/product\/382136","targetHints":{"allow":["GET"]}}],"collection":[{"href":"https:\/\/preview.script.ch\/fr\/wp-json\/wp\/v2\/product"}],"about":[{"href":"https:\/\/preview.script.ch\/fr\/wp-json\/wp\/v2\/types\/product"}],"wp:featuredmedia":[{"embeddable":true,"href":"https:\/\/preview.script.ch\/fr\/wp-json\/wp\/v2\/media\/382134"}],"wp:attachment":[{"href":"https:\/\/preview.script.ch\/fr\/wp-json\/wp\/v2\/media?parent=382136"}],"wp:term":[{"taxonomy":"product_brand","embeddable":true,"href":"https:\/\/preview.script.ch\/fr\/wp-json\/wp\/v2\/product_brand?post=382136"},{"taxonomy":"product_cat","embeddable":true,"href":"https:\/\/preview.script.ch\/fr\/wp-json\/wp\/v2\/product_cat?post=382136"},{"taxonomy":"product_tag","embeddable":true,"href":"https:\/\/preview.script.ch\/fr\/wp-json\/wp\/v2\/product_tag?post=382136"}],"curies":[{"name":"wp","href":"https:\/\/api.w.org\/{rel}","templated":true}]}}