{"id":381090,"date":"2025-11-16T05:50:20","date_gmt":"2025-11-16T04:50:20","guid":{"rendered":"https:\/\/preview.script.ch\/produkt\/nettoie-caracteres-typutz\/"},"modified":"2025-11-16T05:50:26","modified_gmt":"2025-11-16T04:50:26","slug":"nettoie-caracteres-typutz","status":"publish","type":"product","link":"https:\/\/preview.script.ch\/fr\/produkt\/nettoie-caracteres-typutz\/","title":{"rendered":"Nettoie-caract\u00e8res Typutz"},"content":{"rendered":"<p>Nettoie-caract\u00e8res L\u00c4UFER Typutz p\u00e2te en caoutchouc, nettoie timbres, marguerites et \u00e9tampes, en bo\u00eete refermable.<\/p>\n","protected":false},"excerpt":{"rendered":"<p>Nettoie-caract\u00e8res L\u00c4UFER Typutz p\u00e2te en caoutchouc, nettoie timbres, marguerites et \u00e9tampes, en bo\u00eete refermable.<\/p>\n","protected":false},"featured_media":381088,"template":"","meta":{"_acf_changed":false},"product_brand":[],"product_cat":[53255],"product_tag":[],"class_list":{"0":"post-381090","1":"product","2":"type-product","3":"status-publish","4":"has-post-thumbnail","6":"product_cat-ruban-encreur-ruban-de-correction-machines-a-ecrire-machines-de-bureau-et-accessoires","8":"first","9":"onbackorder","10":"taxable","11":"shipping-taxable","12":"purchasable","13":"product-type-simple","14":"add-to-wishlist-before_image"},"acf":[],"_links":{"self":[{"href":"https:\/\/preview.script.ch\/fr\/wp-json\/wp\/v2\/product\/381090","targetHints":{"allow":["GET"]}}],"collection":[{"href":"https:\/\/preview.script.ch\/fr\/wp-json\/wp\/v2\/product"}],"about":[{"href":"https:\/\/preview.script.ch\/fr\/wp-json\/wp\/v2\/types\/product"}],"wp:featuredmedia":[{"embeddable":true,"href":"https:\/\/preview.script.ch\/fr\/wp-json\/wp\/v2\/media\/381088"}],"wp:attachment":[{"href":"https:\/\/preview.script.ch\/fr\/wp-json\/wp\/v2\/media?parent=381090"}],"wp:term":[{"taxonomy":"product_brand","embeddable":true,"href":"https:\/\/preview.script.ch\/fr\/wp-json\/wp\/v2\/product_brand?post=381090"},{"taxonomy":"product_cat","embeddable":true,"href":"https:\/\/preview.script.ch\/fr\/wp-json\/wp\/v2\/product_cat?post=381090"},{"taxonomy":"product_tag","embeddable":true,"href":"https:\/\/preview.script.ch\/fr\/wp-json\/wp\/v2\/product_tag?post=381090"}],"curies":[{"name":"wp","href":"https:\/\/api.w.org\/{rel}","templated":true}]}}