{"id":377438,"date":"2025-11-16T01:08:40","date_gmt":"2025-11-16T00:08:40","guid":{"rendered":"https:\/\/preview.script.ch\/produkt\/ruban-transfert-924-12mmx33m\/"},"modified":"2025-11-16T01:08:46","modified_gmt":"2025-11-16T00:08:46","slug":"ruban-transfert-924-12mmx33m","status":"publish","type":"product","link":"https:\/\/preview.script.ch\/fr\/produkt\/ruban-transfert-924-12mmx33m\/","title":{"rendered":"Ruban transfert 924 12mmx33m"},"content":{"rendered":"<p>Syst\u00e8me Scotch\u00ae ATG ruban \u00e0 transfert d&rsquo;adh\u00e9sif film adh\u00e9sif, permanent, pour d\u00e9vidoir ATG. 12 mm x 33 m<\/p>\n","protected":false},"excerpt":{"rendered":"<p>Syst\u00e8me Scotch\u00ae ATG ruban \u00e0 transfert d&rsquo;adh\u00e9sif film adh\u00e9sif, permanent, pour d\u00e9vidoir ATG. 12 mm x 33 m<\/p>\n","protected":false},"featured_media":377436,"template":"","meta":{"_acf_changed":false},"product_brand":[],"product_cat":[53255],"product_tag":[],"class_list":{"0":"post-377438","1":"product","2":"type-product","3":"status-publish","4":"has-post-thumbnail","6":"product_cat-ruban-encreur-ruban-de-correction-machines-a-ecrire-machines-de-bureau-et-accessoires","8":"first","9":"onbackorder","10":"taxable","11":"shipping-taxable","12":"purchasable","13":"product-type-simple","14":"add-to-wishlist-before_image"},"acf":[],"_links":{"self":[{"href":"https:\/\/preview.script.ch\/fr\/wp-json\/wp\/v2\/product\/377438","targetHints":{"allow":["GET"]}}],"collection":[{"href":"https:\/\/preview.script.ch\/fr\/wp-json\/wp\/v2\/product"}],"about":[{"href":"https:\/\/preview.script.ch\/fr\/wp-json\/wp\/v2\/types\/product"}],"wp:featuredmedia":[{"embeddable":true,"href":"https:\/\/preview.script.ch\/fr\/wp-json\/wp\/v2\/media\/377436"}],"wp:attachment":[{"href":"https:\/\/preview.script.ch\/fr\/wp-json\/wp\/v2\/media?parent=377438"}],"wp:term":[{"taxonomy":"product_brand","embeddable":true,"href":"https:\/\/preview.script.ch\/fr\/wp-json\/wp\/v2\/product_brand?post=377438"},{"taxonomy":"product_cat","embeddable":true,"href":"https:\/\/preview.script.ch\/fr\/wp-json\/wp\/v2\/product_cat?post=377438"},{"taxonomy":"product_tag","embeddable":true,"href":"https:\/\/preview.script.ch\/fr\/wp-json\/wp\/v2\/product_tag?post=377438"}],"curies":[{"name":"wp","href":"https:\/\/api.w.org\/{rel}","templated":true}]}}