{"id":374490,"date":"2025-11-15T21:48:23","date_gmt":"2025-11-15T20:48:23","guid":{"rendered":"https:\/\/preview.script.ch\/produkt\/bull-versement-qr-code-tete-bas\/"},"modified":"2025-11-15T21:48:28","modified_gmt":"2025-11-15T20:48:28","slug":"bull-versement-qr-code-tete-bas","status":"publish","type":"product","link":"https:\/\/preview.script.ch\/fr\/produkt\/bull-versement-qr-code-tete-bas\/","title":{"rendered":"Bull.versement QR-Code t\u00eate\/bas"},"content":{"rendered":"<p>Formulaires de factures pour factures QR DATAFORM Premium section paiement s\u00e9par\u00e9e avec r\u00e9c\u00e9piss\u00e9, perfor\u00e9s, format A4, 80 g\/m2, blancs, impression des factures facilit\u00e9e. Pour copieurs, imprimantes laser, jet d&rsquo;encre, laser couleur et copieurs couleur. Emballage de 500 feuilles. Certification: FSC. 2 sections paiement t\u00eate\/pied<\/p>\n","protected":false},"excerpt":{"rendered":"<p>Formulaires de factures pour factures QR DATAFORM Premium section paiement s\u00e9par\u00e9e avec r\u00e9c\u00e9piss\u00e9, perfor\u00e9s, format A4, 80 g\/m2, blancs, impression des factures facilit\u00e9e. Pour copieurs, imprimantes laser, jet d&rsquo;encre, laser couleur et copieurs couleur. Emballage de 500 feuilles. Certification: FSC. 2 sections paiement t\u00eate\/pied<\/p>\n","protected":false},"featured_media":374488,"template":"","meta":{"_acf_changed":false},"product_brand":[],"product_cat":[53187],"product_tag":[],"class_list":{"0":"post-374490","1":"product","2":"type-product","3":"status-publish","4":"has-post-thumbnail","6":"product_cat-formulaires-de-factures-bulletin-de-versement-qr-papier-universel-de-bureau","8":"first","9":"onbackorder","10":"taxable","11":"shipping-taxable","12":"purchasable","13":"product-type-simple","14":"add-to-wishlist-before_image"},"acf":[],"_links":{"self":[{"href":"https:\/\/preview.script.ch\/fr\/wp-json\/wp\/v2\/product\/374490","targetHints":{"allow":["GET"]}}],"collection":[{"href":"https:\/\/preview.script.ch\/fr\/wp-json\/wp\/v2\/product"}],"about":[{"href":"https:\/\/preview.script.ch\/fr\/wp-json\/wp\/v2\/types\/product"}],"wp:featuredmedia":[{"embeddable":true,"href":"https:\/\/preview.script.ch\/fr\/wp-json\/wp\/v2\/media\/374488"}],"wp:attachment":[{"href":"https:\/\/preview.script.ch\/fr\/wp-json\/wp\/v2\/media?parent=374490"}],"wp:term":[{"taxonomy":"product_brand","embeddable":true,"href":"https:\/\/preview.script.ch\/fr\/wp-json\/wp\/v2\/product_brand?post=374490"},{"taxonomy":"product_cat","embeddable":true,"href":"https:\/\/preview.script.ch\/fr\/wp-json\/wp\/v2\/product_cat?post=374490"},{"taxonomy":"product_tag","embeddable":true,"href":"https:\/\/preview.script.ch\/fr\/wp-json\/wp\/v2\/product_tag?post=374490"}],"curies":[{"name":"wp","href":"https:\/\/api.w.org\/{rel}","templated":true}]}}