{"id":374470,"date":"2025-11-15T21:47:09","date_gmt":"2025-11-15T20:47:09","guid":{"rendered":"https:\/\/preview.script.ch\/produkt\/flles-a4-129g-bla-cart-integr\/"},"modified":"2025-11-15T21:47:15","modified_gmt":"2025-11-15T20:47:15","slug":"flles-a4-129g-bla-cart-integr","status":"publish","type":"product","link":"https:\/\/preview.script.ch\/fr\/produkt\/flles-a4-129g-bla-cart-integr\/","title":{"rendered":"Flles A4 129g.bla.+cart.int\u00e9gr"},"content":{"rendered":"<p>Formulaire DATAFORM avec carte Butterfly int\u00e9gr\u00e9e extra-blanc, carte Butterfly format 85 x 54 mm, d\u00e9coller de la feuille puis coller le recto et le verso ensemble, t\u00e9l\u00e9chargement du mod\u00e8le Word \u00e0 l&rsquo;adresse www.dataform.ch\/butterflykarten, format A4. Pour imprimantes laser et laser couleur. Bo\u00eete de 100 feuilles. A4  120 g\/m2<\/p>\n","protected":false},"excerpt":{"rendered":"<p>Formulaire DATAFORM avec carte Butterfly int\u00e9gr\u00e9e extra-blanc, carte Butterfly format 85 x 54 mm, d\u00e9coller de la feuille puis coller le recto et le verso ensemble, t\u00e9l\u00e9chargement du mod\u00e8le Word \u00e0 l&rsquo;adresse www.dataform.ch\/butterflykarten, format A4. Pour imprimantes laser et laser couleur. Bo\u00eete de 100 feuilles. A4 120 g\/m2<\/p>\n","protected":false},"featured_media":374468,"template":"","meta":{"_acf_changed":false},"product_brand":[],"product_cat":[53375],"product_tag":[],"class_list":{"0":"post-374470","1":"product","2":"type-product","3":"status-publish","4":"has-post-thumbnail","6":"product_cat-cartes-de-voeux-papiers-cadeaux-rubans-cadeaux-papier-universel-de-bureau","8":"first","9":"onbackorder","10":"taxable","11":"shipping-taxable","12":"purchasable","13":"product-type-simple","14":"add-to-wishlist-before_image"},"acf":[],"_links":{"self":[{"href":"https:\/\/preview.script.ch\/fr\/wp-json\/wp\/v2\/product\/374470","targetHints":{"allow":["GET"]}}],"collection":[{"href":"https:\/\/preview.script.ch\/fr\/wp-json\/wp\/v2\/product"}],"about":[{"href":"https:\/\/preview.script.ch\/fr\/wp-json\/wp\/v2\/types\/product"}],"wp:featuredmedia":[{"embeddable":true,"href":"https:\/\/preview.script.ch\/fr\/wp-json\/wp\/v2\/media\/374468"}],"wp:attachment":[{"href":"https:\/\/preview.script.ch\/fr\/wp-json\/wp\/v2\/media?parent=374470"}],"wp:term":[{"taxonomy":"product_brand","embeddable":true,"href":"https:\/\/preview.script.ch\/fr\/wp-json\/wp\/v2\/product_brand?post=374470"},{"taxonomy":"product_cat","embeddable":true,"href":"https:\/\/preview.script.ch\/fr\/wp-json\/wp\/v2\/product_cat?post=374470"},{"taxonomy":"product_tag","embeddable":true,"href":"https:\/\/preview.script.ch\/fr\/wp-json\/wp\/v2\/product_tag?post=374470"}],"curies":[{"name":"wp","href":"https:\/\/api.w.org\/{rel}","templated":true}]}}