{"id":370970,"date":"2025-11-15T18:06:20","date_gmt":"2025-11-15T17:06:20","guid":{"rendered":"https:\/\/preview.script.ch\/produkt\/pearl-pen-bleu-glac-28ml\/"},"modified":"2025-11-15T18:06:25","modified_gmt":"2025-11-15T17:06:25","slug":"pearl-pen-bleu-glac-28ml","status":"publish","type":"product","link":"https:\/\/preview.script.ch\/fr\/produkt\/pearl-pen-bleu-glac-28ml\/","title":{"rendered":"Pearl Pen bleu glac 28ml"},"content":{"rendered":"<p>SCHJERNING Pearl Pen pour cr\u00e9er de petites perles color\u00e9es et nacr\u00e9es avec effet 3D, s&rsquo;utilise sur le papier, les textiles, le bois, la c\u00e9ramique, etc., apr\u00e8s 48 h de s\u00e9chage, le textile peut \u00eatre lav\u00e9 \u00e0 40\u00b0C, contenu 28 ml. bleu arctique<\/p>\n","protected":false},"excerpt":{"rendered":"<p>SCHJERNING Pearl Pen pour cr\u00e9er de petites perles color\u00e9es et nacr\u00e9es avec effet 3D, s&rsquo;utilise sur le papier, les textiles, le bois, la c\u00e9ramique, etc., apr\u00e8s 48 h de s\u00e9chage, le textile peut \u00eatre lav\u00e9 \u00e0 40\u00b0C, contenu 28 ml. bleu arctique<\/p>\n","protected":false},"featured_media":370968,"template":"","meta":{"_acf_changed":false},"product_brand":[],"product_cat":[53260],"product_tag":[],"class_list":{"0":"post-370970","1":"product","2":"type-product","3":"status-publish","4":"has-post-thumbnail","6":"product_cat-imprimante-scanner-telecopieur-appareil-multifonction-machines-de-bureau-et-accessoires","8":"first","9":"onbackorder","10":"taxable","11":"shipping-taxable","12":"purchasable","13":"product-type-simple","14":"add-to-wishlist-before_image"},"acf":[],"_links":{"self":[{"href":"https:\/\/preview.script.ch\/fr\/wp-json\/wp\/v2\/product\/370970","targetHints":{"allow":["GET"]}}],"collection":[{"href":"https:\/\/preview.script.ch\/fr\/wp-json\/wp\/v2\/product"}],"about":[{"href":"https:\/\/preview.script.ch\/fr\/wp-json\/wp\/v2\/types\/product"}],"wp:featuredmedia":[{"embeddable":true,"href":"https:\/\/preview.script.ch\/fr\/wp-json\/wp\/v2\/media\/370968"}],"wp:attachment":[{"href":"https:\/\/preview.script.ch\/fr\/wp-json\/wp\/v2\/media?parent=370970"}],"wp:term":[{"taxonomy":"product_brand","embeddable":true,"href":"https:\/\/preview.script.ch\/fr\/wp-json\/wp\/v2\/product_brand?post=370970"},{"taxonomy":"product_cat","embeddable":true,"href":"https:\/\/preview.script.ch\/fr\/wp-json\/wp\/v2\/product_cat?post=370970"},{"taxonomy":"product_tag","embeddable":true,"href":"https:\/\/preview.script.ch\/fr\/wp-json\/wp\/v2\/product_tag?post=370970"}],"curies":[{"name":"wp","href":"https:\/\/api.w.org\/{rel}","templated":true}]}}