{"id":369216,"date":"2025-11-15T16:22:19","date_gmt":"2025-11-15T15:22:19","guid":{"rendered":"https:\/\/preview.script.ch\/produkt\/bulletin-versement-qr-code-90g-100fls\/"},"modified":"2025-11-15T16:22:24","modified_gmt":"2025-11-15T15:22:24","slug":"bulletin-versement-qr-code-90g-100fls","status":"publish","type":"product","link":"https:\/\/preview.script.ch\/fr\/produkt\/bulletin-versement-qr-code-90g-100fls\/","title":{"rendered":"Bulletin versement QR-code 90g 100fls."},"content":{"rendered":"<p>Formulaires de facture pour facture QR SIMPLEX simfacture Swiss QR section paiement s\u00e9par\u00e9e avec r\u00e9c\u00e9piss\u00e9, perfor\u00e9, format A4, impression des factures facilit\u00e9e. Pour copieurs, imprimantes laser, jet d&rsquo;encre, laser couleur et copieurs couleur. Certification: FSC. 90 g\/m2  100 feuilles<\/p>\n","protected":false},"excerpt":{"rendered":"<p>Formulaires de facture pour facture QR SIMPLEX simfacture Swiss QR section paiement s\u00e9par\u00e9e avec r\u00e9c\u00e9piss\u00e9, perfor\u00e9, format A4, impression des factures facilit\u00e9e. Pour copieurs, imprimantes laser, jet d&rsquo;encre, laser couleur et copieurs couleur. Certification: FSC. 90 g\/m2 100 feuilles<\/p>\n","protected":false},"featured_media":369214,"template":"","meta":{"_acf_changed":false},"product_brand":[],"product_cat":[53187],"product_tag":[],"class_list":{"0":"post-369216","1":"product","2":"type-product","3":"status-publish","4":"has-post-thumbnail","6":"product_cat-formulaires-de-factures-bulletin-de-versement-qr-papier-universel-de-bureau","8":"first","9":"onbackorder","10":"taxable","11":"shipping-taxable","12":"purchasable","13":"product-type-simple","14":"add-to-wishlist-before_image"},"acf":[],"_links":{"self":[{"href":"https:\/\/preview.script.ch\/fr\/wp-json\/wp\/v2\/product\/369216","targetHints":{"allow":["GET"]}}],"collection":[{"href":"https:\/\/preview.script.ch\/fr\/wp-json\/wp\/v2\/product"}],"about":[{"href":"https:\/\/preview.script.ch\/fr\/wp-json\/wp\/v2\/types\/product"}],"wp:featuredmedia":[{"embeddable":true,"href":"https:\/\/preview.script.ch\/fr\/wp-json\/wp\/v2\/media\/369214"}],"wp:attachment":[{"href":"https:\/\/preview.script.ch\/fr\/wp-json\/wp\/v2\/media?parent=369216"}],"wp:term":[{"taxonomy":"product_brand","embeddable":true,"href":"https:\/\/preview.script.ch\/fr\/wp-json\/wp\/v2\/product_brand?post=369216"},{"taxonomy":"product_cat","embeddable":true,"href":"https:\/\/preview.script.ch\/fr\/wp-json\/wp\/v2\/product_cat?post=369216"},{"taxonomy":"product_tag","embeddable":true,"href":"https:\/\/preview.script.ch\/fr\/wp-json\/wp\/v2\/product_tag?post=369216"}],"curies":[{"name":"wp","href":"https:\/\/api.w.org\/{rel}","templated":true}]}}