{"id":362174,"date":"2025-11-15T10:04:31","date_gmt":"2025-11-15T09:04:31","guid":{"rendered":"https:\/\/preview.script.ch\/produkt\/nevertear-synth-mat-a3-365g\/"},"modified":"2025-11-15T10:04:35","modified_gmt":"2025-11-15T09:04:35","slug":"nevertear-synth-mat-a3-365g","status":"publish","type":"product","link":"https:\/\/preview.script.ch\/fr\/produkt\/nevertear-synth-mat-a3-365g\/","title":{"rendered":"NeverTear Synth. mat A3 365g"},"content":{"rendered":"<p>Film XEROX\u00ae Premium Never Tear blanc, film PES opaque et r\u00e9sistant, finition mate, id\u00e9al pour les documents que l&rsquo;on manipule fr\u00e9quemment comme les cartes de menus, plans, modes d&#8217;emploi, signal\u00e9tique \u00e0 l&rsquo;ext\u00e9rieur, \u00e9tiquettes de prix, etc., ind\u00e9chirable, lavable, r\u00e9sistant \u00e0 l&rsquo;huile, \u00e0 l&rsquo;humidit\u00e9 et \u00e0 la graisse. Pour copieurs, imprimantes laser, laser couleur et les appareils \u00e0 toner sec. Emballage de 100 feuilles. A3  270 microns<\/p>\n","protected":false},"excerpt":{"rendered":"<p>Film XEROX\u00ae Premium Never Tear blanc, film PES opaque et r\u00e9sistant, finition mate, id\u00e9al pour les documents que l&rsquo;on manipule fr\u00e9quemment comme les cartes de menus, plans, modes d&#8217;emploi, signal\u00e9tique \u00e0 l&rsquo;ext\u00e9rieur, \u00e9tiquettes de prix, etc., ind\u00e9chirable, lavable, r\u00e9sistant \u00e0 l&rsquo;huile, \u00e0 l&rsquo;humidit\u00e9 et \u00e0 la graisse. Pour copieurs, imprimantes laser, laser couleur et les [&hellip;]<\/p>\n","protected":false},"featured_media":362172,"template":"","meta":{"_acf_changed":false},"product_brand":[],"product_cat":[53183],"product_tag":[],"class_list":{"0":"post-362174","1":"product","2":"type-product","3":"status-publish","4":"has-post-thumbnail","6":"product_cat-papier-photo-papiers-speciaux-papiers-pour-jet-dencre-papier-universel-de-bureau","8":"first","9":"onbackorder","10":"taxable","11":"shipping-taxable","12":"purchasable","13":"product-type-simple","14":"add-to-wishlist-before_image"},"acf":[],"_links":{"self":[{"href":"https:\/\/preview.script.ch\/fr\/wp-json\/wp\/v2\/product\/362174","targetHints":{"allow":["GET"]}}],"collection":[{"href":"https:\/\/preview.script.ch\/fr\/wp-json\/wp\/v2\/product"}],"about":[{"href":"https:\/\/preview.script.ch\/fr\/wp-json\/wp\/v2\/types\/product"}],"wp:featuredmedia":[{"embeddable":true,"href":"https:\/\/preview.script.ch\/fr\/wp-json\/wp\/v2\/media\/362172"}],"wp:attachment":[{"href":"https:\/\/preview.script.ch\/fr\/wp-json\/wp\/v2\/media?parent=362174"}],"wp:term":[{"taxonomy":"product_brand","embeddable":true,"href":"https:\/\/preview.script.ch\/fr\/wp-json\/wp\/v2\/product_brand?post=362174"},{"taxonomy":"product_cat","embeddable":true,"href":"https:\/\/preview.script.ch\/fr\/wp-json\/wp\/v2\/product_cat?post=362174"},{"taxonomy":"product_tag","embeddable":true,"href":"https:\/\/preview.script.ch\/fr\/wp-json\/wp\/v2\/product_tag?post=362174"}],"curies":[{"name":"wp","href":"https:\/\/api.w.org\/{rel}","templated":true}]}}