{"id":360186,"date":"2025-11-15T08:28:30","date_gmt":"2025-11-15T07:28:30","guid":{"rendered":"https:\/\/preview.script.ch\/produkt\/porte-nom-carte-entrepr-54x85-doub-10pcs\/"},"modified":"2025-11-15T08:28:34","modified_gmt":"2025-11-15T07:28:34","slug":"porte-nom-carte-entrepr-54x85-doub-10pcs","status":"publish","type":"product","link":"https:\/\/preview.script.ch\/fr\/produkt\/porte-nom-carte-entrepr-54x85-doub-10pcs\/","title":{"rendered":"Porte-nom carte entrepr 54&#215;85 doub.10pcs"},"content":{"rendered":"<p>Bo\u00eetiers rigides DURABLE pour badges d&rsquo;enterprise transparent, prot\u00e8ge de la salet\u00e9, acc\u00e8s \u00e0 la carte facilit\u00e9 par une encoche au dos, peut \u00eatre utilis\u00e9 verticalement et horizontalement. Dimensions int\u00e9rieures: L 87 x H 54 mm. avec enrouleur longueur max. du cordon 800 mm. Emballage de 10 pi\u00e8ces. porte-badges pour 2 cartes de s\u00e9curit\u00e9<\/p>\n","protected":false},"excerpt":{"rendered":"<p>Bo\u00eetiers rigides DURABLE pour badges d&rsquo;enterprise transparent, prot\u00e8ge de la salet\u00e9, acc\u00e8s \u00e0 la carte facilit\u00e9 par une encoche au dos, peut \u00eatre utilis\u00e9 verticalement et horizontalement. Dimensions int\u00e9rieures: L 87 x H 54 mm. avec enrouleur longueur max. du cordon 800 mm. Emballage de 10 pi\u00e8ces. porte-badges pour 2 cartes de s\u00e9curit\u00e9<\/p>\n","protected":false},"featured_media":360184,"template":"","meta":{"_acf_changed":false},"product_brand":[],"product_cat":[53292],"product_tag":[],"class_list":{"0":"post-360186","1":"product","2":"type-product","3":"status-publish","4":"has-post-thumbnail","6":"product_cat-etiquettes-de-nom-porte-noms-presentoirs-de-table-presenter","8":"first","9":"onbackorder","10":"taxable","11":"shipping-taxable","12":"purchasable","13":"product-type-simple","14":"add-to-wishlist-before_image"},"acf":[],"_links":{"self":[{"href":"https:\/\/preview.script.ch\/fr\/wp-json\/wp\/v2\/product\/360186","targetHints":{"allow":["GET"]}}],"collection":[{"href":"https:\/\/preview.script.ch\/fr\/wp-json\/wp\/v2\/product"}],"about":[{"href":"https:\/\/preview.script.ch\/fr\/wp-json\/wp\/v2\/types\/product"}],"wp:featuredmedia":[{"embeddable":true,"href":"https:\/\/preview.script.ch\/fr\/wp-json\/wp\/v2\/media\/360184"}],"wp:attachment":[{"href":"https:\/\/preview.script.ch\/fr\/wp-json\/wp\/v2\/media?parent=360186"}],"wp:term":[{"taxonomy":"product_brand","embeddable":true,"href":"https:\/\/preview.script.ch\/fr\/wp-json\/wp\/v2\/product_brand?post=360186"},{"taxonomy":"product_cat","embeddable":true,"href":"https:\/\/preview.script.ch\/fr\/wp-json\/wp\/v2\/product_cat?post=360186"},{"taxonomy":"product_tag","embeddable":true,"href":"https:\/\/preview.script.ch\/fr\/wp-json\/wp\/v2\/product_tag?post=360186"}],"curies":[{"name":"wp","href":"https:\/\/api.w.org\/{rel}","templated":true}]}}