{"id":360174,"date":"2025-11-15T08:27:54","date_gmt":"2025-11-15T07:27:54","guid":{"rendered":"https:\/\/preview.script.ch\/produkt\/porte-nom-magnetique-40x75mm-25pcs\/"},"modified":"2025-11-15T08:27:58","modified_gmt":"2025-11-15T07:27:58","slug":"porte-nom-magnetique-40x75mm-25pcs","status":"publish","type":"product","link":"https:\/\/preview.script.ch\/fr\/produkt\/porte-nom-magnetique-40x75mm-25pcs\/","title":{"rendered":"Porte-nom magn\u00e9tique 40x75mm 25pcs."},"content":{"rendered":"<p>Badges en acrylique DURABLE Konvex avec aimant la forme convexe du badge maintient naturellement le bristol en place, sans cadre, surface transparente, avec aimant assurant une bonne fixation du badge sans ab\u00eemer les textiles les plus fragiles, inscription facile et personnalisable gratuitement \u00e0 l&rsquo;aide des mod\u00e8les t\u00e9l\u00e9chargeables sur www.duraprint.fr. Attention: les aimants des badges peuvent \u00eatre incompatibles avec les stimulateurs cardiaques. Bo\u00eete de 25 pi\u00e8ces. 75 x 40 mm<\/p>\n","protected":false},"excerpt":{"rendered":"<p>Badges en acrylique DURABLE Konvex avec aimant la forme convexe du badge maintient naturellement le bristol en place, sans cadre, surface transparente, avec aimant assurant une bonne fixation du badge sans ab\u00eemer les textiles les plus fragiles, inscription facile et personnalisable gratuitement \u00e0 l&rsquo;aide des mod\u00e8les t\u00e9l\u00e9chargeables sur www.duraprint.fr. Attention: les aimants des badges peuvent [&hellip;]<\/p>\n","protected":false},"featured_media":360172,"template":"","meta":{"_acf_changed":false},"product_brand":[],"product_cat":[53292],"product_tag":[],"class_list":{"0":"post-360174","1":"product","2":"type-product","3":"status-publish","4":"has-post-thumbnail","6":"product_cat-etiquettes-de-nom-porte-noms-presentoirs-de-table-presenter","8":"first","9":"onbackorder","10":"taxable","11":"shipping-taxable","12":"purchasable","13":"product-type-simple","14":"add-to-wishlist-before_image"},"acf":[],"_links":{"self":[{"href":"https:\/\/preview.script.ch\/fr\/wp-json\/wp\/v2\/product\/360174","targetHints":{"allow":["GET"]}}],"collection":[{"href":"https:\/\/preview.script.ch\/fr\/wp-json\/wp\/v2\/product"}],"about":[{"href":"https:\/\/preview.script.ch\/fr\/wp-json\/wp\/v2\/types\/product"}],"wp:featuredmedia":[{"embeddable":true,"href":"https:\/\/preview.script.ch\/fr\/wp-json\/wp\/v2\/media\/360172"}],"wp:attachment":[{"href":"https:\/\/preview.script.ch\/fr\/wp-json\/wp\/v2\/media?parent=360174"}],"wp:term":[{"taxonomy":"product_brand","embeddable":true,"href":"https:\/\/preview.script.ch\/fr\/wp-json\/wp\/v2\/product_brand?post=360174"},{"taxonomy":"product_cat","embeddable":true,"href":"https:\/\/preview.script.ch\/fr\/wp-json\/wp\/v2\/product_cat?post=360174"},{"taxonomy":"product_tag","embeddable":true,"href":"https:\/\/preview.script.ch\/fr\/wp-json\/wp\/v2\/product_tag?post=360174"}],"curies":[{"name":"wp","href":"https:\/\/api.w.org\/{rel}","templated":true}]}}