{"id":359152,"date":"2025-11-15T07:40:38","date_gmt":"2025-11-15T06:40:38","guid":{"rendered":"https:\/\/preview.script.ch\/produkt\/etiquettes-badgemaker30x60mm-20fl-a-27et\/"},"modified":"2025-11-15T07:40:42","modified_gmt":"2025-11-15T06:40:42","slug":"etiquettes-badgemaker30x60mm-20fl-a-27et","status":"publish","type":"product","link":"https:\/\/preview.script.ch\/fr\/produkt\/etiquettes-badgemaker30x60mm-20fl-a-27et\/","title":{"rendered":"Etiquettes Badgemaker30x60mm 20fl \u00e0 27Et"},"content":{"rendered":"<p>Insertions pour badges DURABLE Badgemaker\u00ae blanches, avec microperforation, format A4, inscription facile et personnalisable gratuitement \u00e0 l&rsquo;aide des mod\u00e8les t\u00e9l\u00e9chargeables sur www.duraprint.fr. Pour copieurs, imprimantes laser, jet d&rsquo;encre, laser couleur et copieurs couleur. Bo\u00eete de 20 feuilles. format des \u00e9tiquettes 60 x 30 mm pour badges 8006, 8501, 8502, 8506, 8507 et 8606. 540 \u00e9tiquettes  PEFC<\/p>\n","protected":false},"excerpt":{"rendered":"<p>Insertions pour badges DURABLE Badgemaker\u00ae blanches, avec microperforation, format A4, inscription facile et personnalisable gratuitement \u00e0 l&rsquo;aide des mod\u00e8les t\u00e9l\u00e9chargeables sur www.duraprint.fr. Pour copieurs, imprimantes laser, jet d&rsquo;encre, laser couleur et copieurs couleur. Bo\u00eete de 20 feuilles. format des \u00e9tiquettes 60 x 30 mm pour badges 8006, 8501, 8502, 8506, 8507 et 8606. 540 \u00e9tiquettes [&hellip;]<\/p>\n","protected":false},"featured_media":359150,"template":"","meta":{"_acf_changed":false},"product_brand":[],"product_cat":[53292],"product_tag":[],"class_list":{"0":"post-359152","1":"product","2":"type-product","3":"status-publish","4":"has-post-thumbnail","6":"product_cat-etiquettes-de-nom-porte-noms-presentoirs-de-table-presenter","8":"first","9":"onbackorder","10":"taxable","11":"shipping-taxable","12":"purchasable","13":"product-type-simple","14":"add-to-wishlist-before_image"},"acf":[],"_links":{"self":[{"href":"https:\/\/preview.script.ch\/fr\/wp-json\/wp\/v2\/product\/359152","targetHints":{"allow":["GET"]}}],"collection":[{"href":"https:\/\/preview.script.ch\/fr\/wp-json\/wp\/v2\/product"}],"about":[{"href":"https:\/\/preview.script.ch\/fr\/wp-json\/wp\/v2\/types\/product"}],"wp:featuredmedia":[{"embeddable":true,"href":"https:\/\/preview.script.ch\/fr\/wp-json\/wp\/v2\/media\/359150"}],"wp:attachment":[{"href":"https:\/\/preview.script.ch\/fr\/wp-json\/wp\/v2\/media?parent=359152"}],"wp:term":[{"taxonomy":"product_brand","embeddable":true,"href":"https:\/\/preview.script.ch\/fr\/wp-json\/wp\/v2\/product_brand?post=359152"},{"taxonomy":"product_cat","embeddable":true,"href":"https:\/\/preview.script.ch\/fr\/wp-json\/wp\/v2\/product_cat?post=359152"},{"taxonomy":"product_tag","embeddable":true,"href":"https:\/\/preview.script.ch\/fr\/wp-json\/wp\/v2\/product_tag?post=359152"}],"curies":[{"name":"wp","href":"https:\/\/api.w.org\/{rel}","templated":true}]}}