{"id":354432,"date":"2025-11-15T04:26:07","date_gmt":"2025-11-15T03:26:07","guid":{"rendered":"https:\/\/preview.script.ch\/produkt\/box-dur-p-2-cartes-dentrepri\/"},"modified":"2025-11-15T04:26:10","modified_gmt":"2025-11-15T03:26:10","slug":"box-dur-p-2-cartes-dentrepri","status":"publish","type":"product","link":"https:\/\/preview.script.ch\/fr\/produkt\/box-dur-p-2-cartes-dentrepri\/","title":{"rendered":"Box dur p.2 cartes d&rsquo;entrepri."},"content":{"rendered":"<p>Bo\u00eetiers rigides DURABLE pour cartes de s\u00e9curit\u00e9 sans attache en PC incassable, prot\u00e8ge de la salet\u00e9, acc\u00e8s \u00e0 la carte facilit\u00e9 par une encoche au dos, peut se combiner avec une cha\u00eenette, un clip, un lacet textile ou un enrouleur, utilisation au format portrait ou paysage. Dimensions int\u00e9rieures: L 87 x H 54 mm. Emballage de 10 pi\u00e8ces. pour 2 cartes de s\u00e9curit\u00e9<\/p>\n","protected":false},"excerpt":{"rendered":"<p>Bo\u00eetiers rigides DURABLE pour cartes de s\u00e9curit\u00e9 sans attache en PC incassable, prot\u00e8ge de la salet\u00e9, acc\u00e8s \u00e0 la carte facilit\u00e9 par une encoche au dos, peut se combiner avec une cha\u00eenette, un clip, un lacet textile ou un enrouleur, utilisation au format portrait ou paysage. Dimensions int\u00e9rieures: L 87 x H 54 mm. Emballage [&hellip;]<\/p>\n","protected":false},"featured_media":354430,"template":"","meta":{"_acf_changed":false},"product_brand":[],"product_cat":[53292],"product_tag":[],"class_list":{"0":"post-354432","1":"product","2":"type-product","3":"status-publish","4":"has-post-thumbnail","6":"product_cat-etiquettes-de-nom-porte-noms-presentoirs-de-table-presenter","8":"first","9":"onbackorder","10":"taxable","11":"shipping-taxable","12":"purchasable","13":"product-type-simple","14":"add-to-wishlist-before_image"},"acf":[],"_links":{"self":[{"href":"https:\/\/preview.script.ch\/fr\/wp-json\/wp\/v2\/product\/354432","targetHints":{"allow":["GET"]}}],"collection":[{"href":"https:\/\/preview.script.ch\/fr\/wp-json\/wp\/v2\/product"}],"about":[{"href":"https:\/\/preview.script.ch\/fr\/wp-json\/wp\/v2\/types\/product"}],"wp:featuredmedia":[{"embeddable":true,"href":"https:\/\/preview.script.ch\/fr\/wp-json\/wp\/v2\/media\/354430"}],"wp:attachment":[{"href":"https:\/\/preview.script.ch\/fr\/wp-json\/wp\/v2\/media?parent=354432"}],"wp:term":[{"taxonomy":"product_brand","embeddable":true,"href":"https:\/\/preview.script.ch\/fr\/wp-json\/wp\/v2\/product_brand?post=354432"},{"taxonomy":"product_cat","embeddable":true,"href":"https:\/\/preview.script.ch\/fr\/wp-json\/wp\/v2\/product_cat?post=354432"},{"taxonomy":"product_tag","embeddable":true,"href":"https:\/\/preview.script.ch\/fr\/wp-json\/wp\/v2\/product_tag?post=354432"}],"curies":[{"name":"wp","href":"https:\/\/api.w.org\/{rel}","templated":true}]}}