{"id":354276,"date":"2025-11-15T04:20:06","date_gmt":"2025-11-15T03:20:06","guid":{"rendered":"https:\/\/preview.script.ch\/produkt\/porte-noms-av-magnete-75x40mm\/"},"modified":"2025-11-15T04:20:09","modified_gmt":"2025-11-15T03:20:09","slug":"porte-noms-av-magnete-75x40mm","status":"publish","type":"product","link":"https:\/\/preview.script.ch\/fr\/produkt\/porte-noms-av-magnete-75x40mm\/","title":{"rendered":"Porte-noms av.magn\u00e9te 75x40mm"},"content":{"rendered":"<p>Porte-badges DURABLE Click Fold avec aimant porte-badges pliable fabriqu\u00e9 en PP moul\u00e9, avec \u00e9tiquette neutre interchangeable, la face avant et le dos sont joints par deux liens flexibles, ce qui permet un remplacement simple et rapide de l&rsquo;insertion du porte-badges, avec aimant assurant une bonne fixation du badge sans ab\u00eemer les textiles les plus fragiles, inscription facile et personnalisable gratuitement \u00e0 l&rsquo;aide des mod\u00e8les t\u00e9l\u00e9chargeables sur www.duraprint.fr. Attention: les aimants des badges peuvent \u00eatre incompatibles avec les stimulateurs cardiaques. Emballage de 10 pi\u00e8ces. 75 x 40 mm<\/p>\n","protected":false},"excerpt":{"rendered":"<p>Porte-badges DURABLE Click Fold avec aimant porte-badges pliable fabriqu\u00e9 en PP moul\u00e9, avec \u00e9tiquette neutre interchangeable, la face avant et le dos sont joints par deux liens flexibles, ce qui permet un remplacement simple et rapide de l&rsquo;insertion du porte-badges, avec aimant assurant une bonne fixation du badge sans ab\u00eemer les textiles les plus fragiles, [&hellip;]<\/p>\n","protected":false},"featured_media":354274,"template":"","meta":{"_acf_changed":false},"product_brand":[],"product_cat":[53292],"product_tag":[],"class_list":{"0":"post-354276","1":"product","2":"type-product","3":"status-publish","4":"has-post-thumbnail","6":"product_cat-etiquettes-de-nom-porte-noms-presentoirs-de-table-presenter","8":"first","9":"onbackorder","10":"taxable","11":"shipping-taxable","12":"purchasable","13":"product-type-simple","14":"add-to-wishlist-before_image"},"acf":[],"_links":{"self":[{"href":"https:\/\/preview.script.ch\/fr\/wp-json\/wp\/v2\/product\/354276","targetHints":{"allow":["GET"]}}],"collection":[{"href":"https:\/\/preview.script.ch\/fr\/wp-json\/wp\/v2\/product"}],"about":[{"href":"https:\/\/preview.script.ch\/fr\/wp-json\/wp\/v2\/types\/product"}],"wp:featuredmedia":[{"embeddable":true,"href":"https:\/\/preview.script.ch\/fr\/wp-json\/wp\/v2\/media\/354274"}],"wp:attachment":[{"href":"https:\/\/preview.script.ch\/fr\/wp-json\/wp\/v2\/media?parent=354276"}],"wp:term":[{"taxonomy":"product_brand","embeddable":true,"href":"https:\/\/preview.script.ch\/fr\/wp-json\/wp\/v2\/product_brand?post=354276"},{"taxonomy":"product_cat","embeddable":true,"href":"https:\/\/preview.script.ch\/fr\/wp-json\/wp\/v2\/product_cat?post=354276"},{"taxonomy":"product_tag","embeddable":true,"href":"https:\/\/preview.script.ch\/fr\/wp-json\/wp\/v2\/product_tag?post=354276"}],"curies":[{"name":"wp","href":"https:\/\/api.w.org\/{rel}","templated":true}]}}