{"id":354228,"date":"2025-11-15T04:18:14","date_gmt":"2025-11-15T03:18:14","guid":{"rendered":"https:\/\/preview.script.ch\/produkt\/porte-noms-60x90mm-durable-clip-25pcs\/"},"modified":"2025-11-15T04:18:17","modified_gmt":"2025-11-15T03:18:17","slug":"porte-noms-60x90mm-durable-clip-25pcs","status":"publish","type":"product","link":"https:\/\/preview.script.ch\/fr\/produkt\/porte-noms-60x90mm-durable-clip-25pcs\/","title":{"rendered":"Porte-noms 60x90mm Durable Clip 25pcs"},"content":{"rendered":"<p>Porte-badges en plastique rigide DURABLE avec clip en plastique rigide transparent, avec \u00e9tiquette interchangeable en bristol blanc, le clip tient le badge ferm\u00e9, inscription facile et personnalisable gratuitement \u00e0 l&rsquo;aide des mod\u00e8les t\u00e9l\u00e9chargeables sur www.duraprint.fr. Emballage de 25 pi\u00e8ces. 90 x 60 mm<\/p>\n","protected":false},"excerpt":{"rendered":"<p>Porte-badges en plastique rigide DURABLE avec clip en plastique rigide transparent, avec \u00e9tiquette interchangeable en bristol blanc, le clip tient le badge ferm\u00e9, inscription facile et personnalisable gratuitement \u00e0 l&rsquo;aide des mod\u00e8les t\u00e9l\u00e9chargeables sur www.duraprint.fr. Emballage de 25 pi\u00e8ces. 90 x 60 mm<\/p>\n","protected":false},"featured_media":354226,"template":"","meta":{"_acf_changed":false},"product_brand":[],"product_cat":[53292],"product_tag":[],"class_list":{"0":"post-354228","1":"product","2":"type-product","3":"status-publish","4":"has-post-thumbnail","6":"product_cat-etiquettes-de-nom-porte-noms-presentoirs-de-table-presenter","8":"first","9":"onbackorder","10":"taxable","11":"shipping-taxable","12":"purchasable","13":"product-type-simple","14":"add-to-wishlist-before_image"},"acf":[],"_links":{"self":[{"href":"https:\/\/preview.script.ch\/fr\/wp-json\/wp\/v2\/product\/354228","targetHints":{"allow":["GET"]}}],"collection":[{"href":"https:\/\/preview.script.ch\/fr\/wp-json\/wp\/v2\/product"}],"about":[{"href":"https:\/\/preview.script.ch\/fr\/wp-json\/wp\/v2\/types\/product"}],"wp:featuredmedia":[{"embeddable":true,"href":"https:\/\/preview.script.ch\/fr\/wp-json\/wp\/v2\/media\/354226"}],"wp:attachment":[{"href":"https:\/\/preview.script.ch\/fr\/wp-json\/wp\/v2\/media?parent=354228"}],"wp:term":[{"taxonomy":"product_brand","embeddable":true,"href":"https:\/\/preview.script.ch\/fr\/wp-json\/wp\/v2\/product_brand?post=354228"},{"taxonomy":"product_cat","embeddable":true,"href":"https:\/\/preview.script.ch\/fr\/wp-json\/wp\/v2\/product_cat?post=354228"},{"taxonomy":"product_tag","embeddable":true,"href":"https:\/\/preview.script.ch\/fr\/wp-json\/wp\/v2\/product_tag?post=354228"}],"curies":[{"name":"wp","href":"https:\/\/api.w.org\/{rel}","templated":true}]}}