{"id":353718,"date":"2025-11-15T03:57:58","date_gmt":"2025-11-15T02:57:58","guid":{"rendered":"https:\/\/preview.script.ch\/produkt\/supp-carte-menu-incli-10x15obl\/"},"modified":"2025-11-15T03:58:01","modified_gmt":"2025-11-15T02:58:01","slug":"supp-carte-menu-incli-10x15obl","status":"publish","type":"product","link":"https:\/\/preview.script.ch\/fr\/produkt\/supp-carte-menu-incli-10x15obl\/","title":{"rendered":"Supp.carte-menu incli.10x15obl"},"content":{"rendered":"<p>Pr\u00e9sentoir de table HELIT the presenter en acrylique transparent de haute qualit\u00e9, tr\u00e8s stable et r\u00e9sistant, remplacement des documents sur le c\u00f4t\u00e9. 100 x 150 mm oblong  inclin\u00e9<\/p>\n","protected":false},"excerpt":{"rendered":"<p>Pr\u00e9sentoir de table HELIT the presenter en acrylique transparent de haute qualit\u00e9, tr\u00e8s stable et r\u00e9sistant, remplacement des documents sur le c\u00f4t\u00e9. 100 x 150 mm oblong inclin\u00e9<\/p>\n","protected":false},"featured_media":353716,"template":"","meta":{"_acf_changed":false},"product_brand":[],"product_cat":[53292],"product_tag":[],"class_list":{"0":"post-353718","1":"product","2":"type-product","3":"status-publish","4":"has-post-thumbnail","6":"product_cat-etiquettes-de-nom-porte-noms-presentoirs-de-table-presenter","8":"first","9":"onbackorder","10":"taxable","11":"shipping-taxable","12":"purchasable","13":"product-type-simple","14":"add-to-wishlist-before_image"},"acf":[],"_links":{"self":[{"href":"https:\/\/preview.script.ch\/fr\/wp-json\/wp\/v2\/product\/353718","targetHints":{"allow":["GET"]}}],"collection":[{"href":"https:\/\/preview.script.ch\/fr\/wp-json\/wp\/v2\/product"}],"about":[{"href":"https:\/\/preview.script.ch\/fr\/wp-json\/wp\/v2\/types\/product"}],"wp:featuredmedia":[{"embeddable":true,"href":"https:\/\/preview.script.ch\/fr\/wp-json\/wp\/v2\/media\/353716"}],"wp:attachment":[{"href":"https:\/\/preview.script.ch\/fr\/wp-json\/wp\/v2\/media?parent=353718"}],"wp:term":[{"taxonomy":"product_brand","embeddable":true,"href":"https:\/\/preview.script.ch\/fr\/wp-json\/wp\/v2\/product_brand?post=353718"},{"taxonomy":"product_cat","embeddable":true,"href":"https:\/\/preview.script.ch\/fr\/wp-json\/wp\/v2\/product_cat?post=353718"},{"taxonomy":"product_tag","embeddable":true,"href":"https:\/\/preview.script.ch\/fr\/wp-json\/wp\/v2\/product_tag?post=353718"}],"curies":[{"name":"wp","href":"https:\/\/api.w.org\/{rel}","templated":true}]}}