{"id":353710,"date":"2025-11-15T03:57:40","date_gmt":"2025-11-15T02:57:40","guid":{"rendered":"https:\/\/preview.script.ch\/produkt\/supp-carte-menu-incline-a4haut\/"},"modified":"2025-11-15T03:57:43","modified_gmt":"2025-11-15T02:57:43","slug":"supp-carte-menu-incline-a4haut","status":"publish","type":"product","link":"https:\/\/preview.script.ch\/fr\/produkt\/supp-carte-menu-incline-a4haut\/","title":{"rendered":"Supp.carte-menu inclin\u00e9 A4haut"},"content":{"rendered":"<p>Pr\u00e9sentoir de table HELIT the presenter en acrylique transparent de haute qualit\u00e9, tr\u00e8s stable et r\u00e9sistant, remplacement des documents sur le c\u00f4t\u00e9. A4 vertical  inclin\u00e9<\/p>\n","protected":false},"excerpt":{"rendered":"<p>Pr\u00e9sentoir de table HELIT the presenter en acrylique transparent de haute qualit\u00e9, tr\u00e8s stable et r\u00e9sistant, remplacement des documents sur le c\u00f4t\u00e9. A4 vertical inclin\u00e9<\/p>\n","protected":false},"featured_media":353708,"template":"","meta":{"_acf_changed":false},"product_brand":[],"product_cat":[53292],"product_tag":[],"class_list":{"0":"post-353710","1":"product","2":"type-product","3":"status-publish","4":"has-post-thumbnail","6":"product_cat-etiquettes-de-nom-porte-noms-presentoirs-de-table-presenter","8":"first","9":"onbackorder","10":"taxable","11":"shipping-taxable","12":"purchasable","13":"product-type-simple","14":"add-to-wishlist-before_image"},"acf":[],"_links":{"self":[{"href":"https:\/\/preview.script.ch\/fr\/wp-json\/wp\/v2\/product\/353710","targetHints":{"allow":["GET"]}}],"collection":[{"href":"https:\/\/preview.script.ch\/fr\/wp-json\/wp\/v2\/product"}],"about":[{"href":"https:\/\/preview.script.ch\/fr\/wp-json\/wp\/v2\/types\/product"}],"wp:featuredmedia":[{"embeddable":true,"href":"https:\/\/preview.script.ch\/fr\/wp-json\/wp\/v2\/media\/353708"}],"wp:attachment":[{"href":"https:\/\/preview.script.ch\/fr\/wp-json\/wp\/v2\/media?parent=353710"}],"wp:term":[{"taxonomy":"product_brand","embeddable":true,"href":"https:\/\/preview.script.ch\/fr\/wp-json\/wp\/v2\/product_brand?post=353710"},{"taxonomy":"product_cat","embeddable":true,"href":"https:\/\/preview.script.ch\/fr\/wp-json\/wp\/v2\/product_cat?post=353710"},{"taxonomy":"product_tag","embeddable":true,"href":"https:\/\/preview.script.ch\/fr\/wp-json\/wp\/v2\/product_tag?post=353710"}],"curies":[{"name":"wp","href":"https:\/\/api.w.org\/{rel}","templated":true}]}}