{"id":353408,"date":"2025-11-15T03:46:20","date_gmt":"2025-11-15T02:46:20","guid":{"rendered":"https:\/\/preview.script.ch\/produkt\/box-cartes-visite-vert-blanc\/"},"modified":"2025-11-15T03:46:24","modified_gmt":"2025-11-15T02:46:24","slug":"box-cartes-visite-vert-blanc","status":"publish","type":"product","link":"https:\/\/preview.script.ch\/fr\/produkt\/box-cartes-visite-vert-blanc\/","title":{"rendered":"Box cartes visite vert\/blanc"},"content":{"rendered":"<p>Bo\u00eete pour cartes de visite HELIT the personal en PS, 8 s\u00e9parateurs alphab\u00e9tiques, fermeture \u00e0 rideau, pour env. 300 cartes de visite. Dimensions: L 136 x H 67 x P 240 mm. vert\/blanc<\/p>\n","protected":false},"excerpt":{"rendered":"<p>Bo\u00eete pour cartes de visite HELIT the personal en PS, 8 s\u00e9parateurs alphab\u00e9tiques, fermeture \u00e0 rideau, pour env. 300 cartes de visite. Dimensions: L 136 x H 67 x P 240 mm. vert\/blanc<\/p>\n","protected":false},"featured_media":353406,"template":"","meta":{"_acf_changed":false},"product_brand":[],"product_cat":[53227],"product_tag":[],"class_list":{"0":"post-353408","1":"product","2":"type-product","3":"status-publish","4":"has-post-thumbnail","6":"product_cat-boite-pour-cartes-de-visite-etui-pour-cartes-de-visite-accessoires-de-bureau","8":"first","9":"onbackorder","10":"taxable","11":"shipping-taxable","12":"purchasable","13":"product-type-simple","14":"add-to-wishlist-before_image"},"acf":[],"_links":{"self":[{"href":"https:\/\/preview.script.ch\/fr\/wp-json\/wp\/v2\/product\/353408","targetHints":{"allow":["GET"]}}],"collection":[{"href":"https:\/\/preview.script.ch\/fr\/wp-json\/wp\/v2\/product"}],"about":[{"href":"https:\/\/preview.script.ch\/fr\/wp-json\/wp\/v2\/types\/product"}],"wp:featuredmedia":[{"embeddable":true,"href":"https:\/\/preview.script.ch\/fr\/wp-json\/wp\/v2\/media\/353406"}],"wp:attachment":[{"href":"https:\/\/preview.script.ch\/fr\/wp-json\/wp\/v2\/media?parent=353408"}],"wp:term":[{"taxonomy":"product_brand","embeddable":true,"href":"https:\/\/preview.script.ch\/fr\/wp-json\/wp\/v2\/product_brand?post=353408"},{"taxonomy":"product_cat","embeddable":true,"href":"https:\/\/preview.script.ch\/fr\/wp-json\/wp\/v2\/product_cat?post=353408"},{"taxonomy":"product_tag","embeddable":true,"href":"https:\/\/preview.script.ch\/fr\/wp-json\/wp\/v2\/product_tag?post=353408"}],"curies":[{"name":"wp","href":"https:\/\/api.w.org\/{rel}","templated":true}]}}