{"id":353160,"date":"2025-11-15T03:37:17","date_gmt":"2025-11-15T02:37:17","guid":{"rendered":"https:\/\/preview.script.ch\/produkt\/corbeille-a-papier-18lit-vert\/"},"modified":"2025-11-15T03:37:20","modified_gmt":"2025-11-15T02:37:20","slug":"corbeille-a-papier-18lit-vert","status":"publish","type":"product","link":"https:\/\/preview.script.ch\/fr\/produkt\/corbeille-a-papier-18lit-vert\/","title":{"rendered":"Corbeille \u00e0 papier 18lit.vert"},"content":{"rendered":"<p>Corbeille \u00e0 papier HELIT the german en PP r\u00e9sistant aux chocs, avec bordure de pr\u00e9hension. capacit\u00e9 18 l, H 331 mm, \u00d8 315 mm vert<\/p>\n","protected":false},"excerpt":{"rendered":"<p>Corbeille \u00e0 papier HELIT the german en PP r\u00e9sistant aux chocs, avec bordure de pr\u00e9hension. capacit\u00e9 18 l, H 331 mm, \u00d8 315 mm vert<\/p>\n","protected":false},"featured_media":353158,"template":"","meta":{"_acf_changed":false},"product_brand":[],"product_cat":[53220],"product_tag":[],"class_list":{"0":"post-353160","1":"product","2":"type-product","3":"status-publish","4":"has-post-thumbnail","6":"product_cat-corbeille-corbeille-a-papier-collecteur-a-journaux-accessoires-de-bureau","8":"first","9":"instock","10":"taxable","11":"shipping-taxable","12":"purchasable","13":"product-type-simple","14":"add-to-wishlist-before_image"},"acf":[],"_links":{"self":[{"href":"https:\/\/preview.script.ch\/fr\/wp-json\/wp\/v2\/product\/353160","targetHints":{"allow":["GET"]}}],"collection":[{"href":"https:\/\/preview.script.ch\/fr\/wp-json\/wp\/v2\/product"}],"about":[{"href":"https:\/\/preview.script.ch\/fr\/wp-json\/wp\/v2\/types\/product"}],"wp:featuredmedia":[{"embeddable":true,"href":"https:\/\/preview.script.ch\/fr\/wp-json\/wp\/v2\/media\/353158"}],"wp:attachment":[{"href":"https:\/\/preview.script.ch\/fr\/wp-json\/wp\/v2\/media?parent=353160"}],"wp:term":[{"taxonomy":"product_brand","embeddable":true,"href":"https:\/\/preview.script.ch\/fr\/wp-json\/wp\/v2\/product_brand?post=353160"},{"taxonomy":"product_cat","embeddable":true,"href":"https:\/\/preview.script.ch\/fr\/wp-json\/wp\/v2\/product_cat?post=353160"},{"taxonomy":"product_tag","embeddable":true,"href":"https:\/\/preview.script.ch\/fr\/wp-json\/wp\/v2\/product_tag?post=353160"}],"curies":[{"name":"wp","href":"https:\/\/api.w.org\/{rel}","templated":true}]}}