{"id":353144,"date":"2025-11-15T03:36:41","date_gmt":"2025-11-15T02:36:41","guid":{"rendered":"https:\/\/preview.script.ch\/produkt\/corb-papier-mesh-23l-noir\/"},"modified":"2025-11-15T03:36:44","modified_gmt":"2025-11-15T02:36:44","slug":"corb-papier-mesh-23l-noir","status":"publish","type":"product","link":"https:\/\/preview.script.ch\/fr\/produkt\/corb-papier-mesh-23l-noir\/","title":{"rendered":"Corb.papier Mesh 23l noir"},"content":{"rendered":"<p>Corbeille \u00e0 papier HELIT the circle network Mesh en acier thermolaqu\u00e9. capacit\u00e9 23 l, H 350 mm, \u00d8 295 mm noir<\/p>\n","protected":false},"excerpt":{"rendered":"<p>Corbeille \u00e0 papier HELIT the circle network Mesh en acier thermolaqu\u00e9. capacit\u00e9 23 l, H 350 mm, \u00d8 295 mm noir<\/p>\n","protected":false},"featured_media":353142,"template":"","meta":{"_acf_changed":false},"product_brand":[],"product_cat":[53220],"product_tag":[],"class_list":{"0":"post-353144","1":"product","2":"type-product","3":"status-publish","4":"has-post-thumbnail","6":"product_cat-corbeille-corbeille-a-papier-collecteur-a-journaux-accessoires-de-bureau","8":"first","9":"onbackorder","10":"taxable","11":"shipping-taxable","12":"purchasable","13":"product-type-simple","14":"add-to-wishlist-before_image"},"acf":[],"_links":{"self":[{"href":"https:\/\/preview.script.ch\/fr\/wp-json\/wp\/v2\/product\/353144","targetHints":{"allow":["GET"]}}],"collection":[{"href":"https:\/\/preview.script.ch\/fr\/wp-json\/wp\/v2\/product"}],"about":[{"href":"https:\/\/preview.script.ch\/fr\/wp-json\/wp\/v2\/types\/product"}],"wp:featuredmedia":[{"embeddable":true,"href":"https:\/\/preview.script.ch\/fr\/wp-json\/wp\/v2\/media\/353142"}],"wp:attachment":[{"href":"https:\/\/preview.script.ch\/fr\/wp-json\/wp\/v2\/media?parent=353144"}],"wp:term":[{"taxonomy":"product_brand","embeddable":true,"href":"https:\/\/preview.script.ch\/fr\/wp-json\/wp\/v2\/product_brand?post=353144"},{"taxonomy":"product_cat","embeddable":true,"href":"https:\/\/preview.script.ch\/fr\/wp-json\/wp\/v2\/product_cat?post=353144"},{"taxonomy":"product_tag","embeddable":true,"href":"https:\/\/preview.script.ch\/fr\/wp-json\/wp\/v2\/product_tag?post=353144"}],"curies":[{"name":"wp","href":"https:\/\/api.w.org\/{rel}","templated":true}]}}