{"id":352934,"date":"2025-11-15T03:28:04","date_gmt":"2025-11-15T02:28:04","guid":{"rendered":"https:\/\/preview.script.ch\/produkt\/plaque-doccupat-libre-occupe\/"},"modified":"2025-11-15T03:28:07","modified_gmt":"2025-11-15T02:28:07","slug":"plaque-doccupat-libre-occupe","status":"publish","type":"product","link":"https:\/\/preview.script.ch\/fr\/produkt\/plaque-doccupat-libre-occupe\/","title":{"rendered":"Plaque d&rsquo;occupat. libre\/occup\u00e9"},"content":{"rendered":"<p>Plaque de porte libre\/occup\u00e9 BoOffice en aluminium avec coulisseau pour masquer LIBRE ou OCCUP\u00c9, livr\u00e9e avec le mat\u00e9riel de fixation. dimensions: L 155 x H 31 x P 10 mm LIBRE\/OCCUPE<\/p>\n","protected":false},"excerpt":{"rendered":"<p>Plaque de porte libre\/occup\u00e9 BoOffice en aluminium avec coulisseau pour masquer LIBRE ou OCCUP\u00c9, livr\u00e9e avec le mat\u00e9riel de fixation. dimensions: L 155 x H 31 x P 10 mm LIBRE\/OCCUPE<\/p>\n","protected":false},"featured_media":352932,"template":"","meta":{"_acf_changed":false},"product_brand":[],"product_cat":[53292],"product_tag":[],"class_list":{"0":"post-352934","1":"product","2":"type-product","3":"status-publish","4":"has-post-thumbnail","6":"product_cat-etiquettes-de-nom-porte-noms-presentoirs-de-table-presenter","8":"first","9":"onbackorder","10":"taxable","11":"shipping-taxable","12":"purchasable","13":"product-type-simple","14":"add-to-wishlist-before_image"},"acf":[],"_links":{"self":[{"href":"https:\/\/preview.script.ch\/fr\/wp-json\/wp\/v2\/product\/352934","targetHints":{"allow":["GET"]}}],"collection":[{"href":"https:\/\/preview.script.ch\/fr\/wp-json\/wp\/v2\/product"}],"about":[{"href":"https:\/\/preview.script.ch\/fr\/wp-json\/wp\/v2\/types\/product"}],"wp:featuredmedia":[{"embeddable":true,"href":"https:\/\/preview.script.ch\/fr\/wp-json\/wp\/v2\/media\/352932"}],"wp:attachment":[{"href":"https:\/\/preview.script.ch\/fr\/wp-json\/wp\/v2\/media?parent=352934"}],"wp:term":[{"taxonomy":"product_brand","embeddable":true,"href":"https:\/\/preview.script.ch\/fr\/wp-json\/wp\/v2\/product_brand?post=352934"},{"taxonomy":"product_cat","embeddable":true,"href":"https:\/\/preview.script.ch\/fr\/wp-json\/wp\/v2\/product_cat?post=352934"},{"taxonomy":"product_tag","embeddable":true,"href":"https:\/\/preview.script.ch\/fr\/wp-json\/wp\/v2\/product_tag?post=352934"}],"curies":[{"name":"wp","href":"https:\/\/api.w.org\/{rel}","templated":true}]}}