{"id":350462,"date":"2025-11-15T01:59:44","date_gmt":"2025-11-15T00:59:44","guid":{"rendered":"https:\/\/preview.script.ch\/produkt\/liv-note-hc-m-lign-rouge-ecar\/"},"modified":"2025-11-15T01:59:47","modified_gmt":"2025-11-15T00:59:47","slug":"liv-note-hc-m-lign-rouge-ecar","status":"publish","type":"product","link":"https:\/\/preview.script.ch\/fr\/produkt\/liv-note-hc-m-lign-rouge-ecar\/","title":{"rendered":"Liv.note HC M lign.rouge \u00e9car."},"content":{"rendered":"<p>Carnet MOLESKINE\u00ae Classic Collection color\u00e9 en PP, fermeture par \u00e9lastique, coins arrondis, papier sans acide, 70 g\/m2, ruban marque-page, pochette int\u00e9rieure \u00e0 soufflet en carton et textile. Certification: FSC. Medium 115 x 180 mm, couverture rigide, 208 pages lign\u00e9  \u00e9carlate<\/p>\n","protected":false},"excerpt":{"rendered":"<p>Carnet MOLESKINE\u00ae Classic Collection color\u00e9 en PP, fermeture par \u00e9lastique, coins arrondis, papier sans acide, 70 g\/m2, ruban marque-page, pochette int\u00e9rieure \u00e0 soufflet en carton et textile. Certification: FSC. Medium 115 x 180 mm, couverture rigide, 208 pages lign\u00e9 \u00e9carlate<\/p>\n","protected":false},"featured_media":350460,"template":"","meta":{"_acf_changed":false},"product_brand":[],"product_cat":[53180],"product_tag":[],"class_list":{"0":"post-350462","1":"product","2":"type-product","3":"status-publish","4":"has-post-thumbnail","6":"product_cat-cahiers-de-notes-papier-universel-de-bureau","8":"first","9":"onbackorder","10":"taxable","11":"shipping-taxable","12":"purchasable","13":"product-type-simple","14":"add-to-wishlist-before_image"},"acf":[],"_links":{"self":[{"href":"https:\/\/preview.script.ch\/fr\/wp-json\/wp\/v2\/product\/350462","targetHints":{"allow":["GET"]}}],"collection":[{"href":"https:\/\/preview.script.ch\/fr\/wp-json\/wp\/v2\/product"}],"about":[{"href":"https:\/\/preview.script.ch\/fr\/wp-json\/wp\/v2\/types\/product"}],"wp:featuredmedia":[{"embeddable":true,"href":"https:\/\/preview.script.ch\/fr\/wp-json\/wp\/v2\/media\/350460"}],"wp:attachment":[{"href":"https:\/\/preview.script.ch\/fr\/wp-json\/wp\/v2\/media?parent=350462"}],"wp:term":[{"taxonomy":"product_brand","embeddable":true,"href":"https:\/\/preview.script.ch\/fr\/wp-json\/wp\/v2\/product_brand?post=350462"},{"taxonomy":"product_cat","embeddable":true,"href":"https:\/\/preview.script.ch\/fr\/wp-json\/wp\/v2\/product_cat?post=350462"},{"taxonomy":"product_tag","embeddable":true,"href":"https:\/\/preview.script.ch\/fr\/wp-json\/wp\/v2\/product_tag?post=350462"}],"curies":[{"name":"wp","href":"https:\/\/api.w.org\/{rel}","templated":true}]}}