{"id":350450,"date":"2025-11-15T01:59:21","date_gmt":"2025-11-15T00:59:21","guid":{"rendered":"https:\/\/preview.script.ch\/produkt\/cahier-xxl-ligne-noir-rouge\/"},"modified":"2025-11-15T01:59:24","modified_gmt":"2025-11-15T00:59:24","slug":"cahier-xxl-ligne-noir-rouge","status":"publish","type":"product","link":"https:\/\/preview.script.ch\/fr\/produkt\/cahier-xxl-ligne-noir-rouge\/","title":{"rendered":"Cahier XXL lign\u00e9 noir\/rouge"},"content":{"rendered":"<p>Cahier de cours MOLESKINE\u00ae en carton, coins arrondis, couture Singer visible au dos, s&rsquo;ouvre parfaitement \u00e0 plat, papier sans acide couleur ivoire 70 g\/m2, lign\u00e9, sections num\u00e9rot\u00e9es pour la personnalisation, avec page d&rsquo;index et pages de garde color\u00e9es pour chaque section, les 16 derni\u00e8res pages sont d\u00e9tachables, livr\u00e9 avec des autocollants pour personnaliser la couverture avec le nom et la mati\u00e8re. Certification: FSC. XXL 215,9 x 279,4 mm noir, rouge canneberge<\/p>\n","protected":false},"excerpt":{"rendered":"<p>Cahier de cours MOLESKINE\u00ae en carton, coins arrondis, couture Singer visible au dos, s&rsquo;ouvre parfaitement \u00e0 plat, papier sans acide couleur ivoire 70 g\/m2, lign\u00e9, sections num\u00e9rot\u00e9es pour la personnalisation, avec page d&rsquo;index et pages de garde color\u00e9es pour chaque section, les 16 derni\u00e8res pages sont d\u00e9tachables, livr\u00e9 avec des autocollants pour personnaliser la couverture [&hellip;]<\/p>\n","protected":false},"featured_media":350448,"template":"","meta":{"_acf_changed":false},"product_brand":[],"product_cat":[53180],"product_tag":[],"class_list":{"0":"post-350450","1":"product","2":"type-product","3":"status-publish","4":"has-post-thumbnail","6":"product_cat-cahiers-de-notes-papier-universel-de-bureau","8":"first","9":"onbackorder","10":"taxable","11":"shipping-taxable","12":"purchasable","13":"product-type-simple","14":"add-to-wishlist-before_image"},"acf":[],"_links":{"self":[{"href":"https:\/\/preview.script.ch\/fr\/wp-json\/wp\/v2\/product\/350450","targetHints":{"allow":["GET"]}}],"collection":[{"href":"https:\/\/preview.script.ch\/fr\/wp-json\/wp\/v2\/product"}],"about":[{"href":"https:\/\/preview.script.ch\/fr\/wp-json\/wp\/v2\/types\/product"}],"wp:featuredmedia":[{"embeddable":true,"href":"https:\/\/preview.script.ch\/fr\/wp-json\/wp\/v2\/media\/350448"}],"wp:attachment":[{"href":"https:\/\/preview.script.ch\/fr\/wp-json\/wp\/v2\/media?parent=350450"}],"wp:term":[{"taxonomy":"product_brand","embeddable":true,"href":"https:\/\/preview.script.ch\/fr\/wp-json\/wp\/v2\/product_brand?post=350450"},{"taxonomy":"product_cat","embeddable":true,"href":"https:\/\/preview.script.ch\/fr\/wp-json\/wp\/v2\/product_cat?post=350450"},{"taxonomy":"product_tag","embeddable":true,"href":"https:\/\/preview.script.ch\/fr\/wp-json\/wp\/v2\/product_tag?post=350450"}],"curies":[{"name":"wp","href":"https:\/\/api.w.org\/{rel}","templated":true}]}}