{"id":350438,"date":"2025-11-15T01:58:56","date_gmt":"2025-11-15T00:58:56","guid":{"rendered":"https:\/\/preview.script.ch\/produkt\/epson-matte-paper-a4-1440-dpi\/"},"modified":"2025-11-15T01:58:59","modified_gmt":"2025-11-15T00:58:59","slug":"epson-matte-paper-a4-1440-dpi","status":"publish","type":"product","link":"https:\/\/preview.script.ch\/fr\/produkt\/epson-matte-paper-a4-1440-dpi\/","title":{"rendered":"Epson Matte Paper A4 1440 DPI"},"content":{"rendered":"<p>Papier photo jet d&rsquo;encre EPSON\u00ae heavyweight, mat utilisable jusqu&rsquo;\u00e0 1440 ppp, pour qualit\u00e9 photographique sur surface mate. Id\u00e9al pour les imprimantes Epson Stylus. Emballage de 50 feuilles. A4  167 g\/m2<\/p>\n","protected":false},"excerpt":{"rendered":"<p>Papier photo jet d&rsquo;encre EPSON\u00ae heavyweight, mat utilisable jusqu&rsquo;\u00e0 1440 ppp, pour qualit\u00e9 photographique sur surface mate. Id\u00e9al pour les imprimantes Epson Stylus. Emballage de 50 feuilles. A4 167 g\/m2<\/p>\n","protected":false},"featured_media":350436,"template":"","meta":{"_acf_changed":false},"product_brand":[],"product_cat":[53183],"product_tag":[],"class_list":{"0":"post-350438","1":"product","2":"type-product","3":"status-publish","4":"has-post-thumbnail","6":"product_cat-papier-photo-papiers-speciaux-papiers-pour-jet-dencre-papier-universel-de-bureau","8":"first","9":"onbackorder","10":"taxable","11":"shipping-taxable","12":"purchasable","13":"product-type-simple","14":"add-to-wishlist-before_image"},"acf":[],"_links":{"self":[{"href":"https:\/\/preview.script.ch\/fr\/wp-json\/wp\/v2\/product\/350438","targetHints":{"allow":["GET"]}}],"collection":[{"href":"https:\/\/preview.script.ch\/fr\/wp-json\/wp\/v2\/product"}],"about":[{"href":"https:\/\/preview.script.ch\/fr\/wp-json\/wp\/v2\/types\/product"}],"wp:featuredmedia":[{"embeddable":true,"href":"https:\/\/preview.script.ch\/fr\/wp-json\/wp\/v2\/media\/350436"}],"wp:attachment":[{"href":"https:\/\/preview.script.ch\/fr\/wp-json\/wp\/v2\/media?parent=350438"}],"wp:term":[{"taxonomy":"product_brand","embeddable":true,"href":"https:\/\/preview.script.ch\/fr\/wp-json\/wp\/v2\/product_brand?post=350438"},{"taxonomy":"product_cat","embeddable":true,"href":"https:\/\/preview.script.ch\/fr\/wp-json\/wp\/v2\/product_cat?post=350438"},{"taxonomy":"product_tag","embeddable":true,"href":"https:\/\/preview.script.ch\/fr\/wp-json\/wp\/v2\/product_tag?post=350438"}],"curies":[{"name":"wp","href":"https:\/\/api.w.org\/{rel}","templated":true}]}}