{"id":350418,"date":"2025-11-15T01:58:18","date_gmt":"2025-11-15T00:58:18","guid":{"rendered":"https:\/\/preview.script.ch\/produkt\/epson-stylus-inkj-p-a4-1440dpi\/"},"modified":"2025-11-15T01:58:21","modified_gmt":"2025-11-15T00:58:21","slug":"epson-stylus-inkj-p-a4-1440dpi","status":"publish","type":"product","link":"https:\/\/preview.script.ch\/fr\/produkt\/epson-stylus-inkj-p-a4-1440dpi\/","title":{"rendered":"Epson Stylus InkJ.P.A4 1440dpi"},"content":{"rendered":"<p>Papier photo jet d&rsquo;encre EPSON\u00ae utilisable jusqu&rsquo;\u00e0 1440 ppp, pour des impressions monochromes et couleur, surface l\u00e9g\u00e8rement mate. Id\u00e9al pour les imprimantes Epson Stylus. Emballage de 100 feuilles. A4  102 g\/m2<\/p>\n","protected":false},"excerpt":{"rendered":"<p>Papier photo jet d&rsquo;encre EPSON\u00ae utilisable jusqu&rsquo;\u00e0 1440 ppp, pour des impressions monochromes et couleur, surface l\u00e9g\u00e8rement mate. Id\u00e9al pour les imprimantes Epson Stylus. Emballage de 100 feuilles. A4 102 g\/m2<\/p>\n","protected":false},"featured_media":350416,"template":"","meta":{"_acf_changed":false},"product_brand":[],"product_cat":[53183],"product_tag":[],"class_list":{"0":"post-350418","1":"product","2":"type-product","3":"status-publish","4":"has-post-thumbnail","6":"product_cat-papier-photo-papiers-speciaux-papiers-pour-jet-dencre-papier-universel-de-bureau","8":"first","9":"onbackorder","10":"taxable","11":"shipping-taxable","12":"purchasable","13":"product-type-simple","14":"add-to-wishlist-before_image"},"acf":[],"_links":{"self":[{"href":"https:\/\/preview.script.ch\/fr\/wp-json\/wp\/v2\/product\/350418","targetHints":{"allow":["GET"]}}],"collection":[{"href":"https:\/\/preview.script.ch\/fr\/wp-json\/wp\/v2\/product"}],"about":[{"href":"https:\/\/preview.script.ch\/fr\/wp-json\/wp\/v2\/types\/product"}],"wp:featuredmedia":[{"embeddable":true,"href":"https:\/\/preview.script.ch\/fr\/wp-json\/wp\/v2\/media\/350416"}],"wp:attachment":[{"href":"https:\/\/preview.script.ch\/fr\/wp-json\/wp\/v2\/media?parent=350418"}],"wp:term":[{"taxonomy":"product_brand","embeddable":true,"href":"https:\/\/preview.script.ch\/fr\/wp-json\/wp\/v2\/product_brand?post=350418"},{"taxonomy":"product_cat","embeddable":true,"href":"https:\/\/preview.script.ch\/fr\/wp-json\/wp\/v2\/product_cat?post=350418"},{"taxonomy":"product_tag","embeddable":true,"href":"https:\/\/preview.script.ch\/fr\/wp-json\/wp\/v2\/product_tag?post=350418"}],"curies":[{"name":"wp","href":"https:\/\/api.w.org\/{rel}","templated":true}]}}