{"id":350414,"date":"2025-11-15T01:58:10","date_gmt":"2025-11-15T00:58:10","guid":{"rendered":"https:\/\/preview.script.ch\/produkt\/epson-photo-quality-a4-1440-dp\/"},"modified":"2025-11-15T01:58:13","modified_gmt":"2025-11-15T00:58:13","slug":"epson-photo-quality-a4-1440-dp","status":"publish","type":"product","link":"https:\/\/preview.script.ch\/fr\/produkt\/epson-photo-quality-a4-1440-dp\/","title":{"rendered":"Epson Photo Quality A4 1440 dp"},"content":{"rendered":"<p>Papier jet d&rsquo;encre EPSON\u00ae Photo Quality utilisable jusqu&rsquo;\u00e0 1440 ppp, pour des impressions monochromes et couleur, surface l\u00e9g\u00e8rement mate, pour toutes les imprimantes Epson Stylus. A4 autocoll. 167 g\/m\u00b2 10 feuilles<\/p>\n","protected":false},"excerpt":{"rendered":"<p>Papier jet d&rsquo;encre EPSON\u00ae Photo Quality utilisable jusqu&rsquo;\u00e0 1440 ppp, pour des impressions monochromes et couleur, surface l\u00e9g\u00e8rement mate, pour toutes les imprimantes Epson Stylus. A4 autocoll. 167 g\/m\u00b2 10 feuilles<\/p>\n","protected":false},"featured_media":350412,"template":"","meta":{"_acf_changed":false},"product_brand":[],"product_cat":[53183],"product_tag":[],"class_list":{"0":"post-350414","1":"product","2":"type-product","3":"status-publish","4":"has-post-thumbnail","6":"product_cat-papier-photo-papiers-speciaux-papiers-pour-jet-dencre-papier-universel-de-bureau","8":"first","9":"onbackorder","10":"taxable","11":"shipping-taxable","12":"purchasable","13":"product-type-simple","14":"add-to-wishlist-before_image"},"acf":[],"_links":{"self":[{"href":"https:\/\/preview.script.ch\/fr\/wp-json\/wp\/v2\/product\/350414","targetHints":{"allow":["GET"]}}],"collection":[{"href":"https:\/\/preview.script.ch\/fr\/wp-json\/wp\/v2\/product"}],"about":[{"href":"https:\/\/preview.script.ch\/fr\/wp-json\/wp\/v2\/types\/product"}],"wp:featuredmedia":[{"embeddable":true,"href":"https:\/\/preview.script.ch\/fr\/wp-json\/wp\/v2\/media\/350412"}],"wp:attachment":[{"href":"https:\/\/preview.script.ch\/fr\/wp-json\/wp\/v2\/media?parent=350414"}],"wp:term":[{"taxonomy":"product_brand","embeddable":true,"href":"https:\/\/preview.script.ch\/fr\/wp-json\/wp\/v2\/product_brand?post=350414"},{"taxonomy":"product_cat","embeddable":true,"href":"https:\/\/preview.script.ch\/fr\/wp-json\/wp\/v2\/product_cat?post=350414"},{"taxonomy":"product_tag","embeddable":true,"href":"https:\/\/preview.script.ch\/fr\/wp-json\/wp\/v2\/product_tag?post=350414"}],"curies":[{"name":"wp","href":"https:\/\/api.w.org\/{rel}","templated":true}]}}