{"id":350030,"date":"2025-11-15T01:45:03","date_gmt":"2025-11-15T00:45:03","guid":{"rendered":"https:\/\/preview.script.ch\/produkt\/pile-pluspower-lr06-aa\/"},"modified":"2025-11-15T01:45:06","modified_gmt":"2025-11-15T00:45:06","slug":"pile-pluspower-lr06-aa","status":"publish","type":"product","link":"https:\/\/preview.script.ch\/fr\/produkt\/pile-pluspower-lr06-aa\/","title":{"rendered":"Pile PlusPower LR06 AA"},"content":{"rendered":"<p>Piles DURACELL\u00ae Plus puissance longue dur\u00e9e, solution d&rsquo;alimentation id\u00e9ale pour une grande diversit\u00e9 d&rsquo;appareils tels que les t\u00e9l\u00e9commandes, les lecteurs de CD, les jouets, les brosses \u00e0 dents, etc. Prix incluant la TEA. Type             \u00d8 mm  Pi\u00e8ces par BLI Mignon 1,5 V AA  14    4<\/p>\n","protected":false},"excerpt":{"rendered":"<p>Piles DURACELL\u00ae Plus puissance longue dur\u00e9e, solution d&rsquo;alimentation id\u00e9ale pour une grande diversit\u00e9 d&rsquo;appareils tels que les t\u00e9l\u00e9commandes, les lecteurs de CD, les jouets, les brosses \u00e0 dents, etc. Prix incluant la TEA. Type \u00d8 mm Pi\u00e8ces par BLI Mignon 1,5 V AA 14 4<\/p>\n","protected":false},"featured_media":350028,"template":"","meta":{"_acf_changed":false},"product_brand":[],"product_cat":[53247],"product_tag":[],"class_list":{"0":"post-350030","1":"product","2":"type-product","3":"status-publish","4":"has-post-thumbnail","6":"product_cat-piles-batterie-machines-de-bureau-et-accessoires","8":"first","9":"onbackorder","10":"taxable","11":"shipping-taxable","12":"purchasable","13":"product-type-simple","14":"add-to-wishlist-before_image"},"acf":[],"_links":{"self":[{"href":"https:\/\/preview.script.ch\/fr\/wp-json\/wp\/v2\/product\/350030","targetHints":{"allow":["GET"]}}],"collection":[{"href":"https:\/\/preview.script.ch\/fr\/wp-json\/wp\/v2\/product"}],"about":[{"href":"https:\/\/preview.script.ch\/fr\/wp-json\/wp\/v2\/types\/product"}],"wp:featuredmedia":[{"embeddable":true,"href":"https:\/\/preview.script.ch\/fr\/wp-json\/wp\/v2\/media\/350028"}],"wp:attachment":[{"href":"https:\/\/preview.script.ch\/fr\/wp-json\/wp\/v2\/media?parent=350030"}],"wp:term":[{"taxonomy":"product_brand","embeddable":true,"href":"https:\/\/preview.script.ch\/fr\/wp-json\/wp\/v2\/product_brand?post=350030"},{"taxonomy":"product_cat","embeddable":true,"href":"https:\/\/preview.script.ch\/fr\/wp-json\/wp\/v2\/product_cat?post=350030"},{"taxonomy":"product_tag","embeddable":true,"href":"https:\/\/preview.script.ch\/fr\/wp-json\/wp\/v2\/product_tag?post=350030"}],"curies":[{"name":"wp","href":"https:\/\/api.w.org\/{rel}","templated":true}]}}