{"id":347220,"date":"2025-11-15T00:11:02","date_gmt":"2025-11-14T23:11:02","guid":{"rendered":"https:\/\/preview.script.ch\/produkt\/cah-note-cahier-a6-lig-noir\/"},"modified":"2025-11-15T00:11:06","modified_gmt":"2025-11-14T23:11:06","slug":"cah-note-cahier-a6-lig-noir","status":"publish","type":"product","link":"https:\/\/preview.script.ch\/fr\/produkt\/cah-note-cahier-a6-lig-noir\/","title":{"rendered":"Cah.note Cahier A6 lig.noir"},"content":{"rendered":"<p>Cahiers MOLESKINE\u00ae Cahiers Collection coins arrondis, papier sans acide, 70 g\/m2, couture visible au dos, grande pochette int\u00e9rieure pour notes volantes. Emballage de 3 pi\u00e8ces. Certification: FSC. Pocket 90 x 140 mm, couverture en carton, 64 pages 16 derni\u00e8res pages d\u00e9tachables. lign\u00e9  noir<\/p>\n","protected":false},"excerpt":{"rendered":"<p>Cahiers MOLESKINE\u00ae Cahiers Collection coins arrondis, papier sans acide, 70 g\/m2, couture visible au dos, grande pochette int\u00e9rieure pour notes volantes. Emballage de 3 pi\u00e8ces. Certification: FSC. Pocket 90 x 140 mm, couverture en carton, 64 pages 16 derni\u00e8res pages d\u00e9tachables. lign\u00e9 noir<\/p>\n","protected":false},"featured_media":347218,"template":"","meta":{"_acf_changed":false},"product_brand":[],"product_cat":[53180],"product_tag":[],"class_list":{"0":"post-347220","1":"product","2":"type-product","3":"status-publish","4":"has-post-thumbnail","6":"product_cat-cahiers-de-notes-papier-universel-de-bureau","8":"first","9":"onbackorder","10":"taxable","11":"shipping-taxable","12":"purchasable","13":"product-type-simple","14":"add-to-wishlist-before_image"},"acf":[],"_links":{"self":[{"href":"https:\/\/preview.script.ch\/fr\/wp-json\/wp\/v2\/product\/347220","targetHints":{"allow":["GET"]}}],"collection":[{"href":"https:\/\/preview.script.ch\/fr\/wp-json\/wp\/v2\/product"}],"about":[{"href":"https:\/\/preview.script.ch\/fr\/wp-json\/wp\/v2\/types\/product"}],"wp:featuredmedia":[{"embeddable":true,"href":"https:\/\/preview.script.ch\/fr\/wp-json\/wp\/v2\/media\/347218"}],"wp:attachment":[{"href":"https:\/\/preview.script.ch\/fr\/wp-json\/wp\/v2\/media?parent=347220"}],"wp:term":[{"taxonomy":"product_brand","embeddable":true,"href":"https:\/\/preview.script.ch\/fr\/wp-json\/wp\/v2\/product_brand?post=347220"},{"taxonomy":"product_cat","embeddable":true,"href":"https:\/\/preview.script.ch\/fr\/wp-json\/wp\/v2\/product_cat?post=347220"},{"taxonomy":"product_tag","embeddable":true,"href":"https:\/\/preview.script.ch\/fr\/wp-json\/wp\/v2\/product_tag?post=347220"}],"curies":[{"name":"wp","href":"https:\/\/api.w.org\/{rel}","templated":true}]}}