{"id":347172,"date":"2025-11-15T00:09:34","date_gmt":"2025-11-14T23:09:34","guid":{"rendered":"https:\/\/preview.script.ch\/produkt\/liv-note-classic-sc-xl-lig-noi\/"},"modified":"2025-11-15T00:09:36","modified_gmt":"2025-11-14T23:09:36","slug":"liv-note-classic-sc-xl-lig-noi","status":"publish","type":"product","link":"https:\/\/preview.script.ch\/fr\/produkt\/liv-note-classic-sc-xl-lig-noi\/","title":{"rendered":"Liv.note Classic SC XL lig.noi"},"content":{"rendered":"<p>Carnet MOLESKINE\u00ae Classic Collection en PU, fermeture par \u00e9lastique, coins arrondis, papier sans acide, 70 g\/m2, ruban marque-page, pochette int\u00e9rieure \u00e0 soufflet en carton et toile. Certification: FSC. Xtra Large 190 x 250 mm, couverture souple, 192 pages lign\u00e9  noir<\/p>\n","protected":false},"excerpt":{"rendered":"<p>Carnet MOLESKINE\u00ae Classic Collection en PU, fermeture par \u00e9lastique, coins arrondis, papier sans acide, 70 g\/m2, ruban marque-page, pochette int\u00e9rieure \u00e0 soufflet en carton et toile. Certification: FSC. Xtra Large 190 x 250 mm, couverture souple, 192 pages lign\u00e9 noir<\/p>\n","protected":false},"featured_media":347170,"template":"","meta":{"_acf_changed":false},"product_brand":[],"product_cat":[53180],"product_tag":[],"class_list":{"0":"post-347172","1":"product","2":"type-product","3":"status-publish","4":"has-post-thumbnail","6":"product_cat-cahiers-de-notes-papier-universel-de-bureau","8":"first","9":"onbackorder","10":"taxable","11":"shipping-taxable","12":"purchasable","13":"product-type-simple","14":"add-to-wishlist-before_image"},"acf":[],"_links":{"self":[{"href":"https:\/\/preview.script.ch\/fr\/wp-json\/wp\/v2\/product\/347172","targetHints":{"allow":["GET"]}}],"collection":[{"href":"https:\/\/preview.script.ch\/fr\/wp-json\/wp\/v2\/product"}],"about":[{"href":"https:\/\/preview.script.ch\/fr\/wp-json\/wp\/v2\/types\/product"}],"wp:featuredmedia":[{"embeddable":true,"href":"https:\/\/preview.script.ch\/fr\/wp-json\/wp\/v2\/media\/347170"}],"wp:attachment":[{"href":"https:\/\/preview.script.ch\/fr\/wp-json\/wp\/v2\/media?parent=347172"}],"wp:term":[{"taxonomy":"product_brand","embeddable":true,"href":"https:\/\/preview.script.ch\/fr\/wp-json\/wp\/v2\/product_brand?post=347172"},{"taxonomy":"product_cat","embeddable":true,"href":"https:\/\/preview.script.ch\/fr\/wp-json\/wp\/v2\/product_cat?post=347172"},{"taxonomy":"product_tag","embeddable":true,"href":"https:\/\/preview.script.ch\/fr\/wp-json\/wp\/v2\/product_tag?post=347172"}],"curies":[{"name":"wp","href":"https:\/\/api.w.org\/{rel}","templated":true}]}}