{"id":345532,"date":"2025-11-14T23:24:26","date_gmt":"2025-11-14T22:24:26","guid":{"rendered":"https:\/\/preview.script.ch\/produkt\/boite-cadeau-noir\/"},"modified":"2025-11-14T23:24:28","modified_gmt":"2025-11-14T22:24:28","slug":"boite-cadeau-noir","status":"publish","type":"product","link":"https:\/\/preview.script.ch\/fr\/produkt\/boite-cadeau-noir\/","title":{"rendered":"Bo\u00eete cadeau noir"},"content":{"rendered":"<p>Bo\u00eetes-cadeaux CARAN D&rsquo;ACHE noir, reliure en similicuir, avec gaufrage \u00e0 chaud argent\u00e9e du logo CARAN d&rsquo;ACHE, convient pour instruments d&rsquo;\u00e9criture. Dimensions: L 185 x H 42 x P 80 mm.<\/p>\n","protected":false},"excerpt":{"rendered":"<p>Bo\u00eetes-cadeaux CARAN D&rsquo;ACHE noir, reliure en similicuir, avec gaufrage \u00e0 chaud argent\u00e9e du logo CARAN d&rsquo;ACHE, convient pour instruments d&rsquo;\u00e9criture. Dimensions: L 185 x H 42 x P 80 mm.<\/p>\n","protected":false},"featured_media":345530,"template":"","meta":{"_acf_changed":false},"product_brand":[],"product_cat":[53163],"product_tag":[],"class_list":{"0":"post-345532","1":"product","2":"type-product","3":"status-publish","4":"has-post-thumbnail","6":"product_cat-etui-poche-simple-etuis-pochettes-adhesives-cartes-de-credit-materiel-de-classement-et-darchivage","8":"first","9":"onbackorder","10":"taxable","11":"shipping-taxable","12":"purchasable","13":"product-type-simple","14":"add-to-wishlist-before_image"},"acf":[],"_links":{"self":[{"href":"https:\/\/preview.script.ch\/fr\/wp-json\/wp\/v2\/product\/345532","targetHints":{"allow":["GET"]}}],"collection":[{"href":"https:\/\/preview.script.ch\/fr\/wp-json\/wp\/v2\/product"}],"about":[{"href":"https:\/\/preview.script.ch\/fr\/wp-json\/wp\/v2\/types\/product"}],"wp:featuredmedia":[{"embeddable":true,"href":"https:\/\/preview.script.ch\/fr\/wp-json\/wp\/v2\/media\/345530"}],"wp:attachment":[{"href":"https:\/\/preview.script.ch\/fr\/wp-json\/wp\/v2\/media?parent=345532"}],"wp:term":[{"taxonomy":"product_brand","embeddable":true,"href":"https:\/\/preview.script.ch\/fr\/wp-json\/wp\/v2\/product_brand?post=345532"},{"taxonomy":"product_cat","embeddable":true,"href":"https:\/\/preview.script.ch\/fr\/wp-json\/wp\/v2\/product_cat?post=345532"},{"taxonomy":"product_tag","embeddable":true,"href":"https:\/\/preview.script.ch\/fr\/wp-json\/wp\/v2\/product_tag?post=345532"}],"curies":[{"name":"wp","href":"https:\/\/api.w.org\/{rel}","templated":true}]}}