{"id":344384,"date":"2025-11-14T22:54:53","date_gmt":"2025-11-14T21:54:53","guid":{"rendered":"https:\/\/preview.script.ch\/produkt\/present-sol-av-supp-sac-dechet\/"},"modified":"2025-11-14T22:54:55","modified_gmt":"2025-11-14T21:54:55","slug":"present-sol-av-supp-sac-dechet","status":"publish","type":"product","link":"https:\/\/preview.script.ch\/fr\/produkt\/present-sol-av-supp-sac-dechet\/","title":{"rendered":"Pr\u00e9sent.sol av.supp.sac d\u00e9chet"},"content":{"rendered":"<p>Distributeur de rouleaux industriels KATRIN\u00ae Blue Line with Bin en m\u00e9tal, bleu, distributeur de sol stable, pour serviettes de nettoyage industrielles, support int\u00e9gr\u00e9 pour sac-poubelle de 125 l, facile \u00e0 d\u00e9placer gr\u00e2ce aux 2 roulettes, pour rouleaux jusqu&rsquo;\u00e0 une largeur de 400 mm. Dimensions: L 460 x H 900 x P 440 mm.<\/p>\n","protected":false},"excerpt":{"rendered":"<p>Distributeur de rouleaux industriels KATRIN\u00ae Blue Line with Bin en m\u00e9tal, bleu, distributeur de sol stable, pour serviettes de nettoyage industrielles, support int\u00e9gr\u00e9 pour sac-poubelle de 125 l, facile \u00e0 d\u00e9placer gr\u00e2ce aux 2 roulettes, pour rouleaux jusqu&rsquo;\u00e0 une largeur de 400 mm. Dimensions: L 460 x H 900 x P 440 mm.<\/p>\n","protected":false},"featured_media":344382,"template":"","meta":{"_acf_changed":false},"product_brand":[],"product_cat":[53220],"product_tag":[],"class_list":{"0":"post-344384","1":"product","2":"type-product","3":"status-publish","4":"has-post-thumbnail","6":"product_cat-corbeille-corbeille-a-papier-collecteur-a-journaux-accessoires-de-bureau","8":"first","9":"onbackorder","10":"taxable","11":"shipping-taxable","12":"purchasable","13":"product-type-simple","14":"add-to-wishlist-before_image"},"acf":[],"_links":{"self":[{"href":"https:\/\/preview.script.ch\/fr\/wp-json\/wp\/v2\/product\/344384","targetHints":{"allow":["GET"]}}],"collection":[{"href":"https:\/\/preview.script.ch\/fr\/wp-json\/wp\/v2\/product"}],"about":[{"href":"https:\/\/preview.script.ch\/fr\/wp-json\/wp\/v2\/types\/product"}],"wp:featuredmedia":[{"embeddable":true,"href":"https:\/\/preview.script.ch\/fr\/wp-json\/wp\/v2\/media\/344382"}],"wp:attachment":[{"href":"https:\/\/preview.script.ch\/fr\/wp-json\/wp\/v2\/media?parent=344384"}],"wp:term":[{"taxonomy":"product_brand","embeddable":true,"href":"https:\/\/preview.script.ch\/fr\/wp-json\/wp\/v2\/product_brand?post=344384"},{"taxonomy":"product_cat","embeddable":true,"href":"https:\/\/preview.script.ch\/fr\/wp-json\/wp\/v2\/product_cat?post=344384"},{"taxonomy":"product_tag","embeddable":true,"href":"https:\/\/preview.script.ch\/fr\/wp-json\/wp\/v2\/product_tag?post=344384"}],"curies":[{"name":"wp","href":"https:\/\/api.w.org\/{rel}","templated":true}]}}