{"id":344192,"date":"2025-11-14T22:50:03","date_gmt":"2025-11-14T21:50:03","guid":{"rendered":"https:\/\/preview.script.ch\/produkt\/poch-cartes-vis-60x95mm-autocoll-100pcs\/"},"modified":"2025-11-14T22:50:06","modified_gmt":"2025-11-14T21:50:06","slug":"poch-cartes-vis-60x95mm-autocoll-100pcs","status":"publish","type":"product","link":"https:\/\/preview.script.ch\/fr\/produkt\/poch-cartes-vis-60x95mm-autocoll-100pcs\/","title":{"rendered":"Poch.cartes-vis.60x95mm autocoll.100pcs"},"content":{"rendered":"<p>Porte-cartes de visite 3L\u00ae en PP, transparents, autoadh\u00e9sifs, avec encoche, format 95 x 60 mm. ouverture sur le c\u00f4t\u00e9  100 pi\u00e8ces<\/p>\n","protected":false},"excerpt":{"rendered":"<p>Porte-cartes de visite 3L\u00ae en PP, transparents, autoadh\u00e9sifs, avec encoche, format 95 x 60 mm. ouverture sur le c\u00f4t\u00e9 100 pi\u00e8ces<\/p>\n","protected":false},"featured_media":344190,"template":"","meta":{"_acf_changed":false},"product_brand":[],"product_cat":[53227],"product_tag":[],"class_list":{"0":"post-344192","1":"product","2":"type-product","3":"status-publish","4":"has-post-thumbnail","6":"product_cat-boite-pour-cartes-de-visite-etui-pour-cartes-de-visite-accessoires-de-bureau","8":"first","9":"onbackorder","10":"taxable","11":"shipping-taxable","12":"purchasable","13":"product-type-simple","14":"add-to-wishlist-before_image"},"acf":[],"_links":{"self":[{"href":"https:\/\/preview.script.ch\/fr\/wp-json\/wp\/v2\/product\/344192","targetHints":{"allow":["GET"]}}],"collection":[{"href":"https:\/\/preview.script.ch\/fr\/wp-json\/wp\/v2\/product"}],"about":[{"href":"https:\/\/preview.script.ch\/fr\/wp-json\/wp\/v2\/types\/product"}],"wp:featuredmedia":[{"embeddable":true,"href":"https:\/\/preview.script.ch\/fr\/wp-json\/wp\/v2\/media\/344190"}],"wp:attachment":[{"href":"https:\/\/preview.script.ch\/fr\/wp-json\/wp\/v2\/media?parent=344192"}],"wp:term":[{"taxonomy":"product_brand","embeddable":true,"href":"https:\/\/preview.script.ch\/fr\/wp-json\/wp\/v2\/product_brand?post=344192"},{"taxonomy":"product_cat","embeddable":true,"href":"https:\/\/preview.script.ch\/fr\/wp-json\/wp\/v2\/product_cat?post=344192"},{"taxonomy":"product_tag","embeddable":true,"href":"https:\/\/preview.script.ch\/fr\/wp-json\/wp\/v2\/product_tag?post=344192"}],"curies":[{"name":"wp","href":"https:\/\/api.w.org\/{rel}","templated":true}]}}