{"id":343544,"date":"2025-11-14T22:33:44","date_gmt":"2025-11-14T21:33:44","guid":{"rendered":"https:\/\/preview.script.ch\/produkt\/corbeille-a-pap-28l-brun-fonc\/"},"modified":"2025-11-14T22:33:46","modified_gmt":"2025-11-14T21:33:46","slug":"corbeille-a-pap-28l-brun-fonc","status":"publish","type":"product","link":"https:\/\/preview.script.ch\/fr\/produkt\/corbeille-a-pap-28l-brun-fonc\/","title":{"rendered":"Corbeille \u00e0 pap. 28l brun fonc"},"content":{"rendered":"<p>Corbeille \u00e0 papier HANSA 28 l en PP r\u00e9sistant aux chocs, avec bordure de pr\u00e9hension, capacit\u00e9 28 l. Dimensions: H 380 mm, \u00d8 365 mm. brun fonc\u00e9<\/p>\n","protected":false},"excerpt":{"rendered":"<p>Corbeille \u00e0 papier HANSA 28 l en PP r\u00e9sistant aux chocs, avec bordure de pr\u00e9hension, capacit\u00e9 28 l. Dimensions: H 380 mm, \u00d8 365 mm. brun fonc\u00e9<\/p>\n","protected":false},"featured_media":343542,"template":"","meta":{"_acf_changed":false},"product_brand":[],"product_cat":[53220],"product_tag":[],"class_list":{"0":"post-343544","1":"product","2":"type-product","3":"status-publish","4":"has-post-thumbnail","6":"product_cat-corbeille-corbeille-a-papier-collecteur-a-journaux-accessoires-de-bureau","8":"first","9":"onbackorder","10":"taxable","11":"shipping-taxable","12":"purchasable","13":"product-type-simple","14":"add-to-wishlist-before_image"},"acf":[],"_links":{"self":[{"href":"https:\/\/preview.script.ch\/fr\/wp-json\/wp\/v2\/product\/343544","targetHints":{"allow":["GET"]}}],"collection":[{"href":"https:\/\/preview.script.ch\/fr\/wp-json\/wp\/v2\/product"}],"about":[{"href":"https:\/\/preview.script.ch\/fr\/wp-json\/wp\/v2\/types\/product"}],"wp:featuredmedia":[{"embeddable":true,"href":"https:\/\/preview.script.ch\/fr\/wp-json\/wp\/v2\/media\/343542"}],"wp:attachment":[{"href":"https:\/\/preview.script.ch\/fr\/wp-json\/wp\/v2\/media?parent=343544"}],"wp:term":[{"taxonomy":"product_brand","embeddable":true,"href":"https:\/\/preview.script.ch\/fr\/wp-json\/wp\/v2\/product_brand?post=343544"},{"taxonomy":"product_cat","embeddable":true,"href":"https:\/\/preview.script.ch\/fr\/wp-json\/wp\/v2\/product_cat?post=343544"},{"taxonomy":"product_tag","embeddable":true,"href":"https:\/\/preview.script.ch\/fr\/wp-json\/wp\/v2\/product_tag?post=343544"}],"curies":[{"name":"wp","href":"https:\/\/api.w.org\/{rel}","templated":true}]}}