{"id":341538,"date":"2025-11-14T21:47:10","date_gmt":"2025-11-14T20:47:10","guid":{"rendered":"https:\/\/preview.script.ch\/produkt\/pochette-remb-airkraft-no12-120x215\/"},"modified":"2025-11-14T21:47:12","modified_gmt":"2025-11-14T20:47:12","slug":"pochette-remb-airkraft-no12-120x215","status":"publish","type":"product","link":"https:\/\/preview.script.ch\/fr\/produkt\/pochette-remb-airkraft-no12-120x215\/","title":{"rendered":"Pochette remb.Airkraft no12 120&#215;215"},"content":{"rendered":"<p>Pochettes rembourr\u00e9es avec fermeture auto-adh\u00e9sive, enveloppe blanche avec du<br \/>\n papier bulle pour l&rsquo;exp\u00e9dition des produits sensibles, taille Dimensions<br \/>\n int\u00e9rieures: 120x215mm<\/p>\n","protected":false},"excerpt":{"rendered":"<p>Pochettes rembourr\u00e9es avec fermeture auto-adh\u00e9sive, enveloppe blanche avec du papier bulle pour l&rsquo;exp\u00e9dition des produits sensibles, taille Dimensions int\u00e9rieures: 120x215mm<\/p>\n","protected":false},"featured_media":341536,"template":"","meta":{"_acf_changed":false},"product_brand":[],"product_cat":[53174],"product_tag":[],"class_list":{"0":"post-341538","1":"product","2":"type-product","3":"status-publish","4":"has-post-thumbnail","6":"product_cat-poches-dexpedition-tube-a-plans-etiquettes-de-paquets-papier-universel-de-bureau","8":"first","9":"instock","10":"taxable","11":"shipping-taxable","12":"purchasable","13":"product-type-simple","14":"add-to-wishlist-before_image"},"acf":[],"_links":{"self":[{"href":"https:\/\/preview.script.ch\/fr\/wp-json\/wp\/v2\/product\/341538","targetHints":{"allow":["GET"]}}],"collection":[{"href":"https:\/\/preview.script.ch\/fr\/wp-json\/wp\/v2\/product"}],"about":[{"href":"https:\/\/preview.script.ch\/fr\/wp-json\/wp\/v2\/types\/product"}],"wp:featuredmedia":[{"embeddable":true,"href":"https:\/\/preview.script.ch\/fr\/wp-json\/wp\/v2\/media\/341536"}],"wp:attachment":[{"href":"https:\/\/preview.script.ch\/fr\/wp-json\/wp\/v2\/media?parent=341538"}],"wp:term":[{"taxonomy":"product_brand","embeddable":true,"href":"https:\/\/preview.script.ch\/fr\/wp-json\/wp\/v2\/product_brand?post=341538"},{"taxonomy":"product_cat","embeddable":true,"href":"https:\/\/preview.script.ch\/fr\/wp-json\/wp\/v2\/product_cat?post=341538"},{"taxonomy":"product_tag","embeddable":true,"href":"https:\/\/preview.script.ch\/fr\/wp-json\/wp\/v2\/product_tag?post=341538"}],"curies":[{"name":"wp","href":"https:\/\/api.w.org\/{rel}","templated":true}]}}