{"id":341098,"date":"2025-11-14T21:37:40","date_gmt":"2025-11-14T20:37:40","guid":{"rendered":"https:\/\/preview.script.ch\/produkt\/pap-adhesifs-script-index-large-2x-refil-orange\/"},"modified":"2025-11-14T21:37:42","modified_gmt":"2025-11-14T20:37:42","slug":"pap-adhesifs-script-index-large-2x-refil-orange","status":"publish","type":"product","link":"https:\/\/preview.script.ch\/fr\/produkt\/pap-adhesifs-script-index-large-2x-refil-orange\/","title":{"rendered":"Pap.adh\u00e9sifs Script Index large 2x refil orange"},"content":{"rendered":"<p>SI-RI Hafti Recharge \u00e0 l&rsquo;index Script Smartbox translucide (no.230156).<br \/>\n Marqueurs d&rsquo;index transparents. Papillons adh\u00e9sifs en largeur 25x45mm, 40<br \/>\n teneur en feuilles. 2 pi\u00e8ces.<\/p>\n","protected":false},"excerpt":{"rendered":"<p>SI-RI Hafti Recharge \u00e0 l&rsquo;index Script Smartbox translucide (no.230156). Marqueurs d&rsquo;index transparents. Papillons adh\u00e9sifs en largeur 25x45mm, 40 teneur en feuilles. 2 pi\u00e8ces.<\/p>\n","protected":false},"featured_media":341096,"template":"","meta":{"_acf_changed":false},"product_brand":[],"product_cat":[53178],"product_tag":[],"class_list":{"0":"post-341098","1":"product","2":"type-product","3":"status-publish","4":"has-post-thumbnail","6":"product_cat-index-marker-papier-universel-de-bureau","8":"first","9":"instock","10":"taxable","11":"shipping-taxable","12":"purchasable","13":"product-type-simple","14":"add-to-wishlist-before_image"},"acf":[],"_links":{"self":[{"href":"https:\/\/preview.script.ch\/fr\/wp-json\/wp\/v2\/product\/341098","targetHints":{"allow":["GET"]}}],"collection":[{"href":"https:\/\/preview.script.ch\/fr\/wp-json\/wp\/v2\/product"}],"about":[{"href":"https:\/\/preview.script.ch\/fr\/wp-json\/wp\/v2\/types\/product"}],"wp:featuredmedia":[{"embeddable":true,"href":"https:\/\/preview.script.ch\/fr\/wp-json\/wp\/v2\/media\/341096"}],"wp:attachment":[{"href":"https:\/\/preview.script.ch\/fr\/wp-json\/wp\/v2\/media?parent=341098"}],"wp:term":[{"taxonomy":"product_brand","embeddable":true,"href":"https:\/\/preview.script.ch\/fr\/wp-json\/wp\/v2\/product_brand?post=341098"},{"taxonomy":"product_cat","embeddable":true,"href":"https:\/\/preview.script.ch\/fr\/wp-json\/wp\/v2\/product_cat?post=341098"},{"taxonomy":"product_tag","embeddable":true,"href":"https:\/\/preview.script.ch\/fr\/wp-json\/wp\/v2\/product_tag?post=341098"}],"curies":[{"name":"wp","href":"https:\/\/api.w.org\/{rel}","templated":true}]}}