{"id":340199,"date":"2025-11-14T21:14:16","date_gmt":"2025-11-14T20:14:16","guid":{"rendered":"https:\/\/preview.script.ch\/produkt\/vitro-sans-impr-c6-5-250pcs\/"},"modified":"2025-11-14T21:14:18","modified_gmt":"2025-11-14T20:14:18","slug":"vitro-sans-impr-c6-5-250pcs","status":"publish","type":"product","link":"https:\/\/preview.script.ch\/fr\/produkt\/vitro-sans-impr-c6-5-250pcs\/","title":{"rendered":"Vitro sans impr.C6\/5 250pcs"},"content":{"rendered":"<p>Permafix quick document de sac de PE C5\/6, design neutre transparent,<br \/>\n auto-adh\u00e9sif, facilement visible, une protection optimale, bo\u00eete de 250<br \/>\n pi\u00e8ces, Int\u00e9rieur Dimensions: 230x120mm<\/p>\n","protected":false},"excerpt":{"rendered":"<p>Permafix quick document de sac de PE C5\/6, design neutre transparent, auto-adh\u00e9sif, facilement visible, une protection optimale, bo\u00eete de 250 pi\u00e8ces, Int\u00e9rieur Dimensions: 230x120mm<\/p>\n","protected":false},"featured_media":340197,"template":"","meta":{"_acf_changed":false},"product_brand":[],"product_cat":[53174],"product_tag":[],"class_list":{"0":"post-340199","1":"product","2":"type-product","3":"status-publish","4":"has-post-thumbnail","6":"product_cat-poches-dexpedition-tube-a-plans-etiquettes-de-paquets-papier-universel-de-bureau","8":"first","9":"instock","10":"taxable","11":"shipping-taxable","12":"purchasable","13":"product-type-simple","14":"add-to-wishlist-before_image"},"acf":[],"_links":{"self":[{"href":"https:\/\/preview.script.ch\/fr\/wp-json\/wp\/v2\/product\/340199","targetHints":{"allow":["GET"]}}],"collection":[{"href":"https:\/\/preview.script.ch\/fr\/wp-json\/wp\/v2\/product"}],"about":[{"href":"https:\/\/preview.script.ch\/fr\/wp-json\/wp\/v2\/types\/product"}],"wp:featuredmedia":[{"embeddable":true,"href":"https:\/\/preview.script.ch\/fr\/wp-json\/wp\/v2\/media\/340197"}],"wp:attachment":[{"href":"https:\/\/preview.script.ch\/fr\/wp-json\/wp\/v2\/media?parent=340199"}],"wp:term":[{"taxonomy":"product_brand","embeddable":true,"href":"https:\/\/preview.script.ch\/fr\/wp-json\/wp\/v2\/product_brand?post=340199"},{"taxonomy":"product_cat","embeddable":true,"href":"https:\/\/preview.script.ch\/fr\/wp-json\/wp\/v2\/product_cat?post=340199"},{"taxonomy":"product_tag","embeddable":true,"href":"https:\/\/preview.script.ch\/fr\/wp-json\/wp\/v2\/product_tag?post=340199"}],"curies":[{"name":"wp","href":"https:\/\/api.w.org\/{rel}","templated":true}]}}