{"id":339995,"date":"2025-11-14T21:10:05","date_gmt":"2025-11-14T20:10:05","guid":{"rendered":"https:\/\/preview.script.ch\/produkt\/vitro-zero-plastic-c6-5-rouge-250pcs-fen-a-droit\/"},"modified":"2025-11-14T21:10:06","modified_gmt":"2025-11-14T20:10:06","slug":"vitro-zero-plastic-c6-5-rouge-250pcs-fen-a-droit","status":"publish","type":"product","link":"https:\/\/preview.script.ch\/fr\/produkt\/vitro-zero-plastic-c6-5-rouge-250pcs-fen-a-droit\/","title":{"rendered":"Vitro ZERO-Plastic C6\/5 rouge 250pcs. fen.\u00e0 droit"},"content":{"rendered":"<p>** NOUVEAUT\u00c9 ** SCRIPT Pochettes pour documents Quick SANS plastique, 100%<br \/>\n papier, format C5\/6, pochettes pour bons de livraison en rouge avec impression<br \/>\n blanche &lsquo;bon de livraison&rsquo; &#8211; &lsquo;facture&rsquo; et fen\u00eatre, autocollants, visibles, \u00e0<br \/>\n \u00e9liminer directement avec du carton en papier r\u00e9cup\u00e9r\u00e9, bo\u00eete de 250 pi\u00e8ces,<br \/>\n dimension int\u00e9rieure: 228x120mm.<\/p>\n","protected":false},"excerpt":{"rendered":"<p>** NOUVEAUT\u00c9 ** SCRIPT Pochettes pour documents Quick SANS plastique, 100% papier, format C5\/6, pochettes pour bons de livraison en rouge avec impression blanche &lsquo;bon de livraison&rsquo; &#8211; &lsquo;facture&rsquo; et fen\u00eatre, autocollants, visibles, \u00e0 \u00e9liminer directement avec du carton en papier r\u00e9cup\u00e9r\u00e9, bo\u00eete de 250 pi\u00e8ces, dimension int\u00e9rieure: 228x120mm.<\/p>\n","protected":false},"featured_media":339993,"template":"","meta":{"_acf_changed":false},"product_brand":[],"product_cat":[53174],"product_tag":[],"class_list":{"0":"post-339995","1":"product","2":"type-product","3":"status-publish","4":"has-post-thumbnail","6":"product_cat-poches-dexpedition-tube-a-plans-etiquettes-de-paquets-papier-universel-de-bureau","8":"first","9":"instock","10":"taxable","11":"shipping-taxable","12":"purchasable","13":"product-type-simple","14":"add-to-wishlist-before_image"},"acf":[],"_links":{"self":[{"href":"https:\/\/preview.script.ch\/fr\/wp-json\/wp\/v2\/product\/339995","targetHints":{"allow":["GET"]}}],"collection":[{"href":"https:\/\/preview.script.ch\/fr\/wp-json\/wp\/v2\/product"}],"about":[{"href":"https:\/\/preview.script.ch\/fr\/wp-json\/wp\/v2\/types\/product"}],"wp:featuredmedia":[{"embeddable":true,"href":"https:\/\/preview.script.ch\/fr\/wp-json\/wp\/v2\/media\/339993"}],"wp:attachment":[{"href":"https:\/\/preview.script.ch\/fr\/wp-json\/wp\/v2\/media?parent=339995"}],"wp:term":[{"taxonomy":"product_brand","embeddable":true,"href":"https:\/\/preview.script.ch\/fr\/wp-json\/wp\/v2\/product_brand?post=339995"},{"taxonomy":"product_cat","embeddable":true,"href":"https:\/\/preview.script.ch\/fr\/wp-json\/wp\/v2\/product_cat?post=339995"},{"taxonomy":"product_tag","embeddable":true,"href":"https:\/\/preview.script.ch\/fr\/wp-json\/wp\/v2\/product_tag?post=339995"}],"curies":[{"name":"wp","href":"https:\/\/api.w.org\/{rel}","templated":true}]}}